{"id":106,"date":"2018-03-12T14:05:27","date_gmt":"2018-03-12T13:05:27","guid":{"rendered":"http:\/\/patxilarrainzar.educacion.navarra.es\/web\/?page_id=106"},"modified":"2025-02-25T12:47:09","modified_gmt":"2025-02-25T11:47:09","slug":"recursos-humanos","status":"publish","type":"page","link":"https:\/\/patxilarrainzar.educacion.navarra.es\/web\/es\/recursos-humanos\/","title":{"rendered":"Oferta educativa"},"content":{"rendered":"<p class=\"testua\">Para llevar a cabo nuestro Proyecto Educativo contamos con un grupo de profesionales:<\/p>\n<ul>\n<li>Unidad de Apoyo Educativo: Orientadores\/as, Logopeda, profesorado de Pedagog\u00eda Terap\u00e9utica y Especialistas en Apoyo Educativo.<\/li>\n<li>Tutores\/as de Educaci\u00f3n Infantil y de Educaci\u00f3n Primaria, y profesorado de Apoyo en Educaci\u00f3n Infantil.<\/li>\n<li>Profesorado Especialista: Ingl\u00e9s, Educaci\u00f3n F\u00edsica, M\u00fasica y Religi\u00f3n (opcional).<\/li>\n<\/ul>\n<p class=\"testua\">Tambi\u00e9n ofrecemos los siguientes servicios, organizados por la Asociaci\u00f3n de Padres y Madres:<br \/>\nGuarder\u00eda, comedor y actividades extraescolares y complementarias.<\/p>\n","protected":false},"excerpt":{"rendered":"<p>Para llevar a cabo nuestro Proyecto Educativo contamos con un grupo de profesionales: Unidad de Apoyo Educativo: Orientadores\/as, Logopeda, profesorado de Pedagog\u00eda Terap\u00e9utica y Especialistas en Apoyo Educativo. Tutores\/as de Educaci\u00f3n Infantil y de Educaci\u00f3n Primaria, y profesorado de Apoyo en Educaci\u00f3n Infantil. Profesorado Especialista: Ingl\u00e9s, Educaci\u00f3n F\u00edsica, M\u00fasica y Religi\u00f3n (opcional). Tambi\u00e9n ofrecemos los [&hellip;]<\/p>\n","protected":false},"author":1,"featured_media":0,"parent":0,"menu_order":0,"comment_status":"closed","ping_status":"closed","template":"","meta":{"_genesis_hide_title":false,"_genesis_hide_breadcrumbs":false,"_genesis_hide_singular_image":false,"_genesis_hide_footer_widgets":false,"_genesis_custom_body_class":"","_genesis_custom_post_class":"","_genesis_layout":""},"_links":{"self":[{"href":"https:\/\/patxilarrainzar.educacion.navarra.es\/web\/es\/wp-json\/wp\/v2\/pages\/106"}],"collection":[{"href":"https:\/\/patxilarrainzar.educacion.navarra.es\/web\/es\/wp-json\/wp\/v2\/pages"}],"about":[{"href":"https:\/\/patxilarrainzar.educacion.navarra.es\/web\/es\/wp-json\/wp\/v2\/types\/page"}],"author":[{"embeddable":true,"href":"https:\/\/patxilarrainzar.educacion.navarra.es\/web\/es\/wp-json\/wp\/v2\/users\/1"}],"replies":[{"embeddable":true,"href":"https:\/\/patxilarrainzar.educacion.navarra.es\/web\/es\/wp-json\/wp\/v2\/comments?post=106"}],"version-history":[{"count":5,"href":"https:\/\/patxilarrainzar.educacion.navarra.es\/web\/es\/wp-json\/wp\/v2\/pages\/106\/revisions"}],"predecessor-version":[{"id":5362,"href":"https:\/\/patxilarrainzar.educacion.navarra.es\/web\/es\/wp-json\/wp\/v2\/pages\/106\/revisions\/5362"}],"wp:attachment":[{"href":"https:\/\/patxilarrainzar.educacion.navarra.es\/web\/es\/wp-json\/wp\/v2\/media?parent=106"}],"curies":[{"name":"wp","href":"https:\/\/api.w.org\/{rel}","templated":true}]}}