{"id":3452,"date":"2022-09-21T08:08:18","date_gmt":"2022-09-21T06:08:18","guid":{"rendered":"https:\/\/patxilarrainzar.educacion.navarra.es\/web\/curso-22-23-musica-vasca\/"},"modified":"2023-03-27T08:13:36","modified_gmt":"2023-03-27T06:13:36","slug":"curso-22-23-musica-vasca","status":"publish","type":"page","link":"https:\/\/patxilarrainzar.educacion.navarra.es\/web\/es\/curso-22-23-musica-vasca\/","title":{"rendered":"CURSO 22\/23 &#8211; MUSICA VASCA ACTUAL"},"content":{"rendered":"\n<p>PROYECTO DE M\u00daSICA EN EL PATIO<\/p>\n\n<p>Hace siete cursos que pusimos en marcha el Proyecto de M\u00fasica en el Patio que se basa en elegir y analizar la m\u00fasica que se escucha en el patio de la escuela a las salidas y entradas al centro. Tanto la elecci\u00f3n del tema como el posterior an\u00e1lisis se trabajan en la asignatura de m\u00fasica.<\/p>\n\n<p>Cada a\u00f1o se elige un tema principal para que posteriormente cada grupo elija su canci\u00f3n. Se han tratado diferentes temas como los estilos musicales, las mujeres en la m\u00fasica, las bandas sonoras de pel\u00edculas, el cancionero popular vasco y sus versiones m\u00e1s actuales&#8230; Y este curso seguiremos con las canciones en euskera pero intentaremos conocer grupos, artistas y temas nuevos o m\u00e1s desconocidos.<\/p>\n\n<p>Semana tras semana se elegir\u00e1n diferentes canciones y se colgar\u00e1 en la web de la escuela informaci\u00f3n sobre la misma para que el resto de alumnado y familias puedan ver y escuchar.<\/p>\n\n<p>Adem\u00e1s, para celebrar o resaltar fechas especiales el profesorado elegir\u00e1 diferentes canciones.<\/p>\n\n<p>________________________________________________________________________________________________________________<\/p>\n\n<p>IBILI BEDI ETA BROKEN BROTHERS BRASS BAND\u00a0 <\/p>\n\n<p>\u00abOrain Bat Gara\u00bb<\/p>\n\n<p><a rel=\"noreferrer noopener\" href=\"https:\/\/www.youtube.com\/watch?v=AssQJKVmgWI\" target=\"_blank\">https:\/\/www.youtube.com\/watch?v=AssQJKVmgWI<\/a><br\/><a rel=\"noreferrer noopener\" href=\"https:\/\/www.youtube.com\/watch?v=Q6-66UHf7us\" target=\"_blank\">https:\/\/www.youtube.com\/watch?v=Q6-66UHf7us<\/a><\/p>\n\n<p>BULEGO <\/p>\n\n<p>\u00abKantu Bat\u00bb<\/p>\n\n<p><a rel=\"noreferrer noopener\" href=\"https:\/\/www.youtube.com\/watch?v=74T8VxYU204\" target=\"_blank\">https:\/\/www.youtube.com\/watch?v=74T8VxYU204<\/a><br\/>BOLBORA <\/p>\n\n<p>\u00abMunduari Bira\u00bb<\/p>\n\n<p><a rel=\"noreferrer noopener\" href=\"https:\/\/www.youtube.com\/watch?v=bEw1vGycwf0\" target=\"_blank\">https:\/\/www.youtube.com\/watch?v=bEw1vGycwf0<\/a><\/p>\n\n<p>AMIA BESTIZ <\/p>\n\n<p>\u00abBizitzaren Mamia\u00bb<\/p>\n\n<p><a rel=\"noreferrer noopener\" href=\"https:\/\/www.youtube.com\/watch?v=xhAUkz4kBtI\" target=\"_blank\">https:\/\/www.youtube.com\/watch?v=xhAUkz4kBtI<\/a><\/p>\n\n<p>HERENEGUN <\/p>\n\n<p>\u00abBi Mundu\u00bb<\/p>\n\n<p><a rel=\"noreferrer noopener\" href=\"https:\/\/www.youtube.com\/watch?v=LV2FX6DbOk8\" target=\"_blank\">https:\/\/www.youtube.com\/watch?v=LV2FX6DbOk8<\/a><br\/>ROTTEN XIII <\/p>\n\n<p>\u00abNire Amaren Etxea\u00bb<\/p>\n\n<p><a rel=\"noreferrer noopener\" href=\"https:\/\/www.youtube.com\/watch?v=V9yqUrMNoqs\" target=\"_blank\">https:\/\/www.youtube.com\/watch?v=V9yqUrMNoqs<\/a><\/p>\n\n<p>EIDER \u00abElkarrekin gaudenean\u00bb<\/p>\n\n<p><a rel=\"noreferrer noopener\" href=\"https:\/\/www.youtube.com\/watch?v=ayV2Smn-XCU\" target=\"_blank\">https:\/\/www.youtube.com\/watch?v=ayV2Smn-XCU<\/a><\/p>\n\n<p>SUAIA ETA AMA RABEL \u00abEstralurtarra naiz eta harro nago\u00bb<\/p>\n\n<p><a rel=\"noreferrer noopener\" href=\"https:\/\/www.youtube.com\/watch?v=0ajux-tfoRQ\" target=\"_blank\">https:\/\/www.youtube.com\/watch?v=0ajux-tfoRQ<\/a><\/p>\n\n<p>SUA \u00abHormak apurtzen\u00bb<\/p>\n\n<p><a rel=\"noreferrer noopener\" href=\"https:\/\/www.youtube.com\/watch?v=X-bcxChftWY\" target=\"_blank\">https:\/\/www.youtube.com\/watch?v=X-bcxChftWY<\/a><\/p>\n\n<p>BULEGO \u00abIrulegiko Esku\u00bb<\/p>\n\n<p><a rel=\"noreferrer noopener\" href=\"https:\/\/www.youtube.com\/watch?v=rI8ExpL-Vg0\" target=\"_blank\">https:\/\/www.youtube.com\/watch?v=rI8ExpL-Vg0<\/a><\/p>\n\n<p>HAGOAN \u00abEdurnezuri\u00bb<\/p>\n\n<p><a rel=\"noreferrer noopener\" href=\"https:\/\/www.youtube.com\/watch?v=YcyQdS5_Ygw\" target=\"_blank\">https:\/\/www.youtube.com\/watch?v=YcyQdS5_Ygw<\/a><\/p>\n\n<p>BAIZERA! \u00abEz Esan Ezer\u00bb eta \u00abKutreen Festa\u00bb<\/p>\n\n<p><a rel=\"noreferrer noopener\" href=\"https:\/\/www.youtube.com\/watch?v=2z4q08O4Jrc\" target=\"_blank\">https:\/\/www.youtube.com\/watch?v=2z4q08O4Jrc<\/a><br\/><a rel=\"noreferrer noopener\" href=\"https:\/\/www.youtube.com\/watch?v=qcB11fj9MxE\" target=\"_blank\">https:\/\/www.youtube.com\/watch?v=qcB11fj9MxE<\/a><\/p>\n\n<p>KAI NAKAI \u00abKolpe\u00bb<\/p>\n\n<p><a rel=\"noreferrer noopener\" href=\"https:\/\/www.youtube.com\/watch?v=XumwYSGt1Xg\" target=\"_blank\">https:\/\/www.youtube.com\/watch?v=XumwYSGt1Xg<\/a><\/p>\n\n<p>SWINGTRONICS \u00bb Kulunkan\u00bb<\/p>\n\n<p><a rel=\"noreferrer noopener\" href=\"https:\/\/www.youtube.com\/watch?v=Fld5p5Gwzug\" target=\"_blank\">https:\/\/www.youtube.com\/watch?v=Fld5p5Gwzug<\/a><\/p>\n\n<p>KEROBIA \u00abAsteroideen Antzokian Artista Eraila\u00bb<\/p>\n\n<p><a rel=\"noreferrer noopener\" href=\"https:\/\/www.youtube.com\/watch?v=87MdOPGoJ6I\" target=\"_blank\">https:\/\/www.youtube.com\/watch?v=87MdOPGoJ6I<\/a><\/p>\n\n<p>EUSKARALDIA 2022 \u00bb Esazu Hitz Bat\u00bb<\/p>\n\n<p><a rel=\"noreferrer noopener\" href=\"https:\/\/www.youtube.com\/watch?v=PAAV-Do0QzY\" target=\"_blank\">https:\/\/www.youtube.com\/watch?v=PAAV-Do0QzY<\/a><\/p>\n\n<p>\u00abErdian Erein\u00bb<\/p>\n\n<p><a rel=\"noreferrer noopener\" href=\"https:\/\/www.youtube.com\/watch?v=CBKRztVIwWM\" target=\"_blank\">https:\/\/www.youtube.com\/watch?v=CBKRztVIwWM<\/a><\/p>\n\n<p>NEOMAK \u00abIlargi Berriak\u00bb<\/p>\n\n<p><a rel=\"noreferrer noopener\" href=\"https:\/\/www.youtube.com\/watch?v=zOYNci_ulzQ\" target=\"_blank\">https:\/\/www.youtube.com\/watch?v=zOYNci_ulzQ<\/a><\/p>\n\n<p>GABEZIN \u00bb Korapiloak\u00bb<\/p>\n\n<p><a rel=\"noreferrer noopener\" href=\"https:\/\/www.youtube.com\/watch?v=mu-0LFxXflQ\" target=\"_blank\">https:\/\/www.youtube.com\/watch?v=mu-0LFxXflQ<\/a><\/p>\n\n<p>IDOIA \u00abHitzetan\u00bb<\/p>\n\n<p><a rel=\"noreferrer noopener\" href=\"https:\/\/www.youtube.com\/watch?v=MJO2kdQMwYs\" target=\"_blank\">https:\/\/www.youtube.com\/watch?v=MJO2kdQMwYs<\/a><\/p>\n\n<p>BURUTIK \u00abBalantzaren Jokoa\u00bb<\/p>\n\n<p><a rel=\"noreferrer noopener\" href=\"https:\/\/www.youtube.com\/watch?v=lYEd49WKafA\" target=\"_blank\">https:\/\/www.youtube.com\/watch?v=lYEd49WKafA<\/a><\/p>\n","protected":false},"excerpt":{"rendered":"<p>PROYECTO DE M\u00daSICA EN EL PATIO Hace siete cursos que pusimos en marcha el Proyecto de M\u00fasica en el Patio que se basa en elegir y analizar la m\u00fasica que se escucha en el patio de la escuela a las salidas y entradas al centro. Tanto la elecci\u00f3n del tema como el posterior an\u00e1lisis se [&hellip;]<\/p>\n","protected":false},"author":1,"featured_media":0,"parent":0,"menu_order":0,"comment_status":"closed","ping_status":"closed","template":"","meta":{"_genesis_hide_title":false,"_genesis_hide_breadcrumbs":false,"_genesis_hide_singular_image":false,"_genesis_hide_footer_widgets":false,"_genesis_custom_body_class":"","_genesis_custom_post_class":"","_genesis_layout":""},"_links":{"self":[{"href":"https:\/\/patxilarrainzar.educacion.navarra.es\/web\/es\/wp-json\/wp\/v2\/pages\/3452"}],"collection":[{"href":"https:\/\/patxilarrainzar.educacion.navarra.es\/web\/es\/wp-json\/wp\/v2\/pages"}],"about":[{"href":"https:\/\/patxilarrainzar.educacion.navarra.es\/web\/es\/wp-json\/wp\/v2\/types\/page"}],"author":[{"embeddable":true,"href":"https:\/\/patxilarrainzar.educacion.navarra.es\/web\/es\/wp-json\/wp\/v2\/users\/1"}],"replies":[{"embeddable":true,"href":"https:\/\/patxilarrainzar.educacion.navarra.es\/web\/es\/wp-json\/wp\/v2\/comments?post=3452"}],"version-history":[{"count":10,"href":"https:\/\/patxilarrainzar.educacion.navarra.es\/web\/es\/wp-json\/wp\/v2\/pages\/3452\/revisions"}],"predecessor-version":[{"id":4094,"href":"https:\/\/patxilarrainzar.educacion.navarra.es\/web\/es\/wp-json\/wp\/v2\/pages\/3452\/revisions\/4094"}],"wp:attachment":[{"href":"https:\/\/patxilarrainzar.educacion.navarra.es\/web\/es\/wp-json\/wp\/v2\/media?parent=3452"}],"curies":[{"name":"wp","href":"https:\/\/api.w.org\/{rel}","templated":true}]}}