{"id":355,"date":"2018-03-15T16:01:21","date_gmt":"2018-03-15T15:01:21","guid":{"rendered":"http:\/\/patxilarrainzar.educacion.navarra.es\/web\/?page_id=355"},"modified":"2021-09-16T09:45:47","modified_gmt":"2021-09-16T07:45:47","slug":"proyecto-de-innovacion-elkartrukean","status":"publish","type":"page","link":"https:\/\/patxilarrainzar.educacion.navarra.es\/web\/es\/proyecto-de-innovacion-elkartrukean\/","title":{"rendered":"Proyecto \u00abElkartrukean\u00bb"},"content":{"rendered":"<p><span style=\"font-weight: 400;\">Tras la bonita experiencia vivida en el Kantuz de junio de 2015, donde el alumnado de 4\u00ba, 5\u00ba y 6\u00ba de primaria acompa\u00f1\u00f3 al de infantil en la realizaci\u00f3n de la actividad, en el curso 2015-2016 surge el proyecto Elkartrukean con el objetivo de sistematizar las relaciones entre el alumnado de diferente edad. Desde entonces, a comienzo de cada curso, una comisi\u00f3n se encarga de emparejar los grupos y proponer las diferentes actividades que se realizar\u00e1n en las sesiones conjuntas.<\/span><\/p>\n<p><span style=\"font-weight: 400;\">Los objetivos principales del proyecto Elkartrukean son los siguientes:<\/span><\/p>\n<p><span style=\"font-weight: 400;\">&#8211;<\/span><span style=\"font-weight: 400;\">\u00a0 \u00a0 \u00a0 \u00a0 \u00a0 <\/span><span style=\"font-weight: 400;\">Fomentar el uso del euskera en un ambiente m\u00e1s informal.<\/span><\/p>\n<p><span style=\"font-weight: 400;\">&#8211;<\/span><span style=\"font-weight: 400;\">\u00a0 \u00a0 \u00a0 \u00a0 \u00a0 <\/span><span style=\"font-weight: 400;\">Favorecer las relaciones entre alumnado de diferentes edades.<\/span><\/p>\n<p><span style=\"font-weight: 400;\">&#8211;<\/span><span style=\"font-weight: 400;\">\u00a0 \u00a0 \u00a0 \u00a0 \u00a0 <\/span><span style=\"font-weight: 400;\">Tener la oportunidad de exponer de forma l\u00fadica temas trabajados en el aula.<\/span><\/p>\n<p><span style=\"font-weight: 400;\">En el curso 2016-2017 fue considerado por el Departamento de Educaci\u00f3n como Proyecto de Innovaci\u00f3n Educativa.<\/span><\/p>\n<p><span style=\"font-weight: 400;\">Ya en 2018, el proyecto \u201cPatioa Alaitu, Elkartrukea Indartuz\u201d compartido por alumnado de 2\u00ba y 5\u00ba de primaria tambi\u00e9n fue considerado Proyecto de Innovaci\u00f3n Educativa. En este proyecto, a la metodolog\u00eda de Elkartrukean se le sumaba un objetivo art\u00edstico: realizar un mural en el patio. Adem\u00e1s, en la primera fase de la puesta en marcha de este proyecto la participaci\u00f3n de un grupo de padres y madres de la escuela fue fundamental. Sin embargo, las obras llevadas a cabo en parte de la escuela afectaron al proyecto, impidiendo pintar la parte del patio elegida. Y tampoco fue posible retomarlo la primavera del curso pasado debido al confinamiento.<\/span><\/p>\n","protected":false},"excerpt":{"rendered":"<p>Tras la bonita experiencia vivida en el Kantuz de junio de 2015, donde el alumnado de 4\u00ba, 5\u00ba y 6\u00ba de primaria acompa\u00f1\u00f3 al de infantil en la realizaci\u00f3n de la actividad, en el curso 2015-2016 surge el proyecto Elkartrukean con el objetivo de sistematizar las relaciones entre el alumnado de diferente edad. Desde entonces, [&hellip;]<\/p>\n","protected":false},"author":1,"featured_media":0,"parent":0,"menu_order":0,"comment_status":"closed","ping_status":"closed","template":"","meta":{"_genesis_hide_title":false,"_genesis_hide_breadcrumbs":false,"_genesis_hide_singular_image":false,"_genesis_hide_footer_widgets":false,"_genesis_custom_body_class":"","_genesis_custom_post_class":"","_genesis_layout":""},"_links":{"self":[{"href":"https:\/\/patxilarrainzar.educacion.navarra.es\/web\/es\/wp-json\/wp\/v2\/pages\/355"}],"collection":[{"href":"https:\/\/patxilarrainzar.educacion.navarra.es\/web\/es\/wp-json\/wp\/v2\/pages"}],"about":[{"href":"https:\/\/patxilarrainzar.educacion.navarra.es\/web\/es\/wp-json\/wp\/v2\/types\/page"}],"author":[{"embeddable":true,"href":"https:\/\/patxilarrainzar.educacion.navarra.es\/web\/es\/wp-json\/wp\/v2\/users\/1"}],"replies":[{"embeddable":true,"href":"https:\/\/patxilarrainzar.educacion.navarra.es\/web\/es\/wp-json\/wp\/v2\/comments?post=355"}],"version-history":[{"count":6,"href":"https:\/\/patxilarrainzar.educacion.navarra.es\/web\/es\/wp-json\/wp\/v2\/pages\/355\/revisions"}],"predecessor-version":[{"id":2627,"href":"https:\/\/patxilarrainzar.educacion.navarra.es\/web\/es\/wp-json\/wp\/v2\/pages\/355\/revisions\/2627"}],"wp:attachment":[{"href":"https:\/\/patxilarrainzar.educacion.navarra.es\/web\/es\/wp-json\/wp\/v2\/media?parent=355"}],"curies":[{"name":"wp","href":"https:\/\/api.w.org\/{rel}","templated":true}]}}