{"id":424,"date":"2018-03-19T12:33:37","date_gmt":"2018-03-19T11:33:37","guid":{"rendered":"http:\/\/patxilarrainzar.educacion.navarra.es\/web\/?page_id=424"},"modified":"2020-01-31T12:16:10","modified_gmt":"2020-01-31T11:16:10","slug":"prematricula","status":"publish","type":"page","link":"https:\/\/patxilarrainzar.educacion.navarra.es\/web\/es\/prematricula\/","title":{"rendered":"Prematr\u00edcula 2020-2021"},"content":{"rendered":"\n<figure class=\"wp-block-image size-large\"><img loading=\"lazy\" width=\"1024\" height=\"576\" src=\"https:\/\/patxilarrainzar.educacion.navarra.es\/web\/wp-content\/uploads\/2020\/01\/d0254932-ed34-4a65-8e08-9b13cc0fe26b-1-1024x576.jpeg\" alt=\"\" class=\"wp-image-1546\" srcset=\"https:\/\/patxilarrainzar.educacion.navarra.es\/web\/wp-content\/uploads\/2020\/01\/d0254932-ed34-4a65-8e08-9b13cc0fe26b-1-1024x576.jpeg 1024w, https:\/\/patxilarrainzar.educacion.navarra.es\/web\/wp-content\/uploads\/2020\/01\/d0254932-ed34-4a65-8e08-9b13cc0fe26b-1-300x169.jpeg 300w, https:\/\/patxilarrainzar.educacion.navarra.es\/web\/wp-content\/uploads\/2020\/01\/d0254932-ed34-4a65-8e08-9b13cc0fe26b-1-768x432.jpeg 768w, https:\/\/patxilarrainzar.educacion.navarra.es\/web\/wp-content\/uploads\/2020\/01\/d0254932-ed34-4a65-8e08-9b13cc0fe26b-1-1536x864.jpeg 1536w, https:\/\/patxilarrainzar.educacion.navarra.es\/web\/wp-content\/uploads\/2020\/01\/d0254932-ed34-4a65-8e08-9b13cc0fe26b-1.jpeg 1600w\" sizes=\"(max-width: 1024px) 100vw, 1024px\" \/><\/figure>\n\n\n\n<h4 class=\"has-luminous-vivid-orange-color has-text-color has-text-align-center\">PLAZOS A TENER EN CUENTA<\/h4>\n\n\n\n<p>\u2022 Entrega de solicitudes y documentaci\u00f3n que afecte al baremo <strong><em>entre 3 y 7 de febrero<br> hasta las 14:00 horas<\/em><\/strong>.<br> \u2022 Sorteo p\u00fablico en el Departamento de Educaci\u00f3n <strong>14 de febrero a las 13:00 horas<\/strong>.<br> \u2022 Publicaci\u00f3n en el centro del listado provisional de admitidos <strong>el 2 de marzo<\/strong>.<br> \u2022 Reclamaci\u00f3n a la lista provisional de alumnado admitido <strong>el 9 y el 10 de marzo hasta<br> las 14:00 horas<\/strong>.<br> \u2022 Publicaci\u00f3n lista definitiva del alumnado admitido <strong>el 12 de marzo<\/strong>. Para el alumnado<br> de tres a\u00f1os ser\u00e1 el listado n\u00famero 1.<\/p>\n\n\n\n<h4 class=\"has-luminous-vivid-orange-color has-text-color has-text-align-center\">DOCUMENTACI\u00d3N A PRESENTAR<\/h4>\n\n\n\n<h5 class=\"has-text-align-center\">OBLIGATORIA<\/h5>\n\n\n\n<p>\u2022 <a rel=\"noreferrer noopener\" aria-label=\" (erlaitz berrian irekia)\" href=\"http:\/\/www.navarra.es\/appsext\/DescargarFichero\/default.aspx?CodigoCompleto=Portal@@@epub\/BON\/AEDUCACION\/F1916003_Anexo_3A.pdf\" target=\"_blank\">Impreso de preinscripci\u00f3n del Departamento de Educaci\u00f3n cumplimentado (3 a\u00f1os)<\/a>.<br>\u2022 <a rel=\"noreferrer noopener\" aria-label=\"Impreso de preinscripci\u00f3n del Departamento de Educaci\u00f3n cumplimentado (excepto 3 a\u00f1os) (erlaitz berrian irekia)\" href=\"http:\/\/www.navarra.es\/appsext\/DescargarFichero\/default.aspx?CodigoCompleto=Portal@@@epub\/BON\/AEDUCACION\/F1916003_Anexo_3A.pdf\" target=\"_blank\">Impreso de preinscripci\u00f3n del Departamento de Educaci\u00f3n cumplimentado (excepto 3 a\u00f1os)<\/a>.<br>\u2022 Empadronamiento del ni\u00f1o\/a con un tutor\/a legal.<br>\u2022 Fotocopia del libro de familia (solo la hoja del ni\u00f1o\/a).<br>\u2022 Fotocopia del DNI de l@s Tutores\/as Legales.<br>\u2022 otocopia de la tarjeta de familia numerosa.<br>\u2022 <a rel=\"noreferrer noopener\" aria-label=\"Hoja de matr\u00edcula y datos personales. (erlaitz berrian irekia)\" href=\"https:\/\/patxilarrainzar.educacion.navarra.es\/web\/wp-content\/uploads\/2020\/01\/datuak_matrikula.pdf\" target=\"_blank\">Hoja de matr\u00edcula y datos personales.<\/a><br>\u2022 <a href=\"https:\/\/patxilarrainzar.educacion.navarra.es\/web\/wp-content\/uploads\/2020\/01\/Galdetegia_Cuestionario-3-urte.pdf\" target=\"_blank\" rel=\"noreferrer noopener\" aria-label=\"Cuestionario sobre el ni\u00f1o\/a (cumplimentado y dentro de un sobre cerrado)  (erlaitz berrian irekia)\">Cuestionario sobre el ni\u00f1o\/a (cumplimentado y dentro de un sobre cerrado) <\/a>(solo 3 a\u00f1os).<br>\u2022 Fotocopia de la tarjeta sanitaria.<br>\u2022 Fotocopia de las vacunas.<\/p>\n\n\n\n<h5 class=\"has-text-align-center\">OPCIONALES PARA BAREMAR<\/h5>\n\n\n\n<p>\u2022 Informe Servicios Sociales de Base (En caso de optar a plazas de reserva).<br>\u2022 Fotocopia compulsada o con validaci\u00f3n mec\u00e1nica de todas las hojas de la declaraci\u00f3n de renta del 2018.<br>\u2022 Minusval\u00eda del ni\u00f1o\/a o un familiar directo (madre, padre o herman@s).<\/p>\n\n\n<p><iframe loading=\"lazy\" title=\"Aurrematrikulazioa Patxi Larrainzar\" width=\"500\" height=\"281\" src=\"https:\/\/www.youtube.com\/embed\/P9x3ULlZ2fc?feature=oembed\" frameborder=\"0\" allow=\"accelerometer; autoplay; encrypted-media; gyroscope; picture-in-picture\" allowfullscreen><\/iframe><\/p>\n<p><\/p>\n\n\n<figure class=\"wp-block-embed-youtube wp-block-embed is-type-video is-provider-youtube wp-embed-aspect-16-9 wp-has-aspect-ratio\"><div class=\"wp-block-embed__wrapper\">\n<iframe loading=\"lazy\" title=\"EreDu zirraragarria \/ El moDelo que emociona\" width=\"500\" height=\"281\" src=\"https:\/\/www.youtube.com\/embed\/videoseries?list=PLXQSmJrjNp4DCF4ezBn2imVXM1v2Qyc9O\" frameborder=\"0\" allow=\"accelerometer; autoplay; encrypted-media; gyroscope; picture-in-picture\" allowfullscreen><\/iframe>\n<\/div><\/figure>\n\n\n\n<p>M\u00e1s informaci\u00f3n: \u201c<a href=\"https:\/\/prematricula.navarra.es\/\" target=\"_blank\" rel=\"noreferrer noopener\" aria-label=\"\u00a1Que levante la mano quien quiera estudiar en la P\u00fablica! (erlaitz berrian irekia)\">\u00a1Que levante la mano quien quiera estudiar en la P\u00fablica!<\/a>\u201d<\/p>\n","protected":false},"excerpt":{"rendered":"<p>PLAZOS A TENER EN CUENTA \u2022 Entrega de solicitudes y documentaci\u00f3n que afecte al baremo entre 3 y 7 de febrero hasta las 14:00 horas. \u2022 Sorteo p\u00fablico en el Departamento de Educaci\u00f3n 14 de febrero a las 13:00 horas. \u2022 Publicaci\u00f3n en el centro del listado provisional de admitidos el 2 de marzo. \u2022 [&hellip;]<\/p>\n","protected":false},"author":1,"featured_media":0,"parent":0,"menu_order":0,"comment_status":"closed","ping_status":"closed","template":"","meta":{"_genesis_hide_title":false,"_genesis_hide_breadcrumbs":false,"_genesis_hide_singular_image":false,"_genesis_hide_footer_widgets":false,"_genesis_custom_body_class":"","_genesis_custom_post_class":"","_genesis_layout":""},"_links":{"self":[{"href":"https:\/\/patxilarrainzar.educacion.navarra.es\/web\/es\/wp-json\/wp\/v2\/pages\/424"}],"collection":[{"href":"https:\/\/patxilarrainzar.educacion.navarra.es\/web\/es\/wp-json\/wp\/v2\/pages"}],"about":[{"href":"https:\/\/patxilarrainzar.educacion.navarra.es\/web\/es\/wp-json\/wp\/v2\/types\/page"}],"author":[{"embeddable":true,"href":"https:\/\/patxilarrainzar.educacion.navarra.es\/web\/es\/wp-json\/wp\/v2\/users\/1"}],"replies":[{"embeddable":true,"href":"https:\/\/patxilarrainzar.educacion.navarra.es\/web\/es\/wp-json\/wp\/v2\/comments?post=424"}],"version-history":[{"count":6,"href":"https:\/\/patxilarrainzar.educacion.navarra.es\/web\/es\/wp-json\/wp\/v2\/pages\/424\/revisions"}],"predecessor-version":[{"id":1601,"href":"https:\/\/patxilarrainzar.educacion.navarra.es\/web\/es\/wp-json\/wp\/v2\/pages\/424\/revisions\/1601"}],"wp:attachment":[{"href":"https:\/\/patxilarrainzar.educacion.navarra.es\/web\/es\/wp-json\/wp\/v2\/media?parent=424"}],"curies":[{"name":"wp","href":"https:\/\/api.w.org\/{rel}","templated":true}]}}