{"id":4310,"date":"2023-06-23T14:25:03","date_gmt":"2023-06-23T12:25:03","guid":{"rendered":"https:\/\/patxilarrainzar.educacion.navarra.es\/web\/libros-de-texto-y-material\/"},"modified":"2025-09-05T09:16:18","modified_gmt":"2025-09-05T07:16:18","slug":"libros-de-texto-y-material","status":"publish","type":"page","link":"https:\/\/patxilarrainzar.educacion.navarra.es\/web\/es\/libros-de-texto-y-material\/","title":{"rendered":"LIBROS DE TEXTO Y MATERIAL"},"content":{"rendered":"\n<p>Listado de libros y\/o materiales a traer por el alumnado el primer d\u00eda del pr\u00f3ximo curso:<\/p>\n\n\n\n<ul><li><strong><a href=\"https:\/\/docs.google.com\/document\/d\/1RFRdjYzafPTEDO3iPhlxsTXVdd4l_fCQKGClrKZyuqk\/edit?usp=drive_link\">Educaci\u00f3n Primaria<\/a><\/strong><\/li><\/ul>\n\n\n\n<ul><li><strong>Educaci\u00f3n Infantil:<\/strong> bolsa peque\u00f1a y vaso de pl\u00e1stico (con nombre en ambos).<\/li><\/ul>\n\n\n\n<div class=\"wp-block-image\"><figure class=\"aligncenter size-large is-resized\"><a href=\"https:\/\/patxilarrainzar.educacion.navarra.es\/web\/wp-content\/uploads\/2023\/06\/lartxiLupa-garbi-849x1024.jpg\"><img loading=\"lazy\" src=\"https:\/\/patxilarrainzar.educacion.navarra.es\/web\/wp-content\/uploads\/2023\/06\/lartxiLupa-garbi-849x1024.jpg\" alt=\"\" class=\"wp-image-4314\" width=\"540\" height=\"651\" srcset=\"https:\/\/patxilarrainzar.educacion.navarra.es\/web\/wp-content\/uploads\/2023\/06\/lartxiLupa-garbi-849x1024.jpg 849w, https:\/\/patxilarrainzar.educacion.navarra.es\/web\/wp-content\/uploads\/2023\/06\/lartxiLupa-garbi-249x300.jpg 249w, https:\/\/patxilarrainzar.educacion.navarra.es\/web\/wp-content\/uploads\/2023\/06\/lartxiLupa-garbi-768x926.jpg 768w, https:\/\/patxilarrainzar.educacion.navarra.es\/web\/wp-content\/uploads\/2023\/06\/lartxiLupa-garbi.jpg 1024w\" sizes=\"(max-width: 540px) 100vw, 540px\" \/><\/a><\/figure><\/div>\n","protected":false},"excerpt":{"rendered":"<p>Listado de libros y\/o materiales a traer por el alumnado el primer d\u00eda del pr\u00f3ximo curso: Educaci\u00f3n Primaria Educaci\u00f3n Infantil: bolsa peque\u00f1a y vaso de pl\u00e1stico (con nombre en ambos).<\/p>\n","protected":false},"author":1,"featured_media":0,"parent":0,"menu_order":0,"comment_status":"closed","ping_status":"closed","template":"","meta":{"_genesis_hide_title":false,"_genesis_hide_breadcrumbs":false,"_genesis_hide_singular_image":false,"_genesis_hide_footer_widgets":false,"_genesis_custom_body_class":"","_genesis_custom_post_class":"","_genesis_layout":""},"_links":{"self":[{"href":"https:\/\/patxilarrainzar.educacion.navarra.es\/web\/es\/wp-json\/wp\/v2\/pages\/4310"}],"collection":[{"href":"https:\/\/patxilarrainzar.educacion.navarra.es\/web\/es\/wp-json\/wp\/v2\/pages"}],"about":[{"href":"https:\/\/patxilarrainzar.educacion.navarra.es\/web\/es\/wp-json\/wp\/v2\/types\/page"}],"author":[{"embeddable":true,"href":"https:\/\/patxilarrainzar.educacion.navarra.es\/web\/es\/wp-json\/wp\/v2\/users\/1"}],"replies":[{"embeddable":true,"href":"https:\/\/patxilarrainzar.educacion.navarra.es\/web\/es\/wp-json\/wp\/v2\/comments?post=4310"}],"version-history":[{"count":4,"href":"https:\/\/patxilarrainzar.educacion.navarra.es\/web\/es\/wp-json\/wp\/v2\/pages\/4310\/revisions"}],"predecessor-version":[{"id":5489,"href":"https:\/\/patxilarrainzar.educacion.navarra.es\/web\/es\/wp-json\/wp\/v2\/pages\/4310\/revisions\/5489"}],"wp:attachment":[{"href":"https:\/\/patxilarrainzar.educacion.navarra.es\/web\/es\/wp-json\/wp\/v2\/media?parent=4310"}],"curies":[{"name":"wp","href":"https:\/\/api.w.org\/{rel}","templated":true}]}}