{"id":479,"date":"2018-08-30T14:01:35","date_gmt":"2018-08-30T12:01:35","guid":{"rendered":"http:\/\/patxilarrainzar.educacion.navarra.es\/web\/?page_id=479"},"modified":"2024-03-01T12:54:19","modified_gmt":"2024-03-01T11:54:19","slug":"skolae","status":"publish","type":"page","link":"https:\/\/patxilarrainzar.educacion.navarra.es\/web\/es\/skolae\/","title":{"rendered":"SKOLAE"},"content":{"rendered":"<p>Nuestro centro participa en el programa SKOLAE.<img loading=\"lazy\" class=\"wp-image-8186 alignright\" src=\"https:\/\/consejoescolar.educacion.navarra.es\/web1\/wp-content\/uploads\/2017\/09\/Skol-300x96.jpg\" sizes=\"(max-width: 400px) 100vw, 400px\" srcset=\"https:\/\/consejoescolar.educacion.navarra.es\/web1\/wp-content\/uploads\/2017\/09\/Skol-300x96.jpg 300w, https:\/\/consejoescolar.educacion.navarra.es\/web1\/wp-content\/uploads\/2017\/09\/Skol-768x246.jpg 768w, https:\/\/consejoescolar.educacion.navarra.es\/web1\/wp-content\/uploads\/2017\/09\/Skol.jpg 883w\" alt=\"\" width=\"400\" height=\"128\" \/><\/p>\n<p>Por una Escuela m\u00e1s Coeducadora.<\/p>\n<p>Para entender mejor qu\u00e9 es SKOLAE haz click <a href=\"https:\/\/patxilarrainzar.educacion.navarra.es\/web\/wp-content\/uploads\/2018\/09\/SKOLAE-2018.pdf\" target=\"_blank\" rel=\"noopener noreferrer\">aqu\u00ed<\/a><\/p>\n<p>A continuaci\u00f3n ten\u00e9is las gu\u00edas Skolae para familias creadas en la escuela:<\/p>\n<p><a href=\"https:\/\/drive.google.com\/file\/d\/1gy-gkBW55M9VihXY5MzI8AauxFEdObpU\/view?usp=drive_link\" target=\"_blank\" rel=\"noopener\">Familientzako Skolae Gida<\/a>\u00a0\/\u00a0<a href=\"https:\/\/drive.google.com\/file\/d\/1N8-xqBNuuArmVQ4j2PFN3AqVtuQG8tSV\/view?usp=drive_link\">Gu\u00eda Skolae para familias<\/a><\/p>\n","protected":false},"excerpt":{"rendered":"<p>Nuestro centro participa en el programa SKOLAE. Por una Escuela m\u00e1s Coeducadora. Para entender mejor qu\u00e9 es SKOLAE haz click aqu\u00ed A continuaci\u00f3n ten\u00e9is las gu\u00edas Skolae para familias creadas en la escuela: Familientzako Skolae Gida\u00a0\/\u00a0Gu\u00eda Skolae para familias<\/p>\n","protected":false},"author":1,"featured_media":0,"parent":0,"menu_order":0,"comment_status":"closed","ping_status":"closed","template":"","meta":{"_genesis_hide_title":false,"_genesis_hide_breadcrumbs":false,"_genesis_hide_singular_image":false,"_genesis_hide_footer_widgets":false,"_genesis_custom_body_class":"","_genesis_custom_post_class":"","_genesis_layout":""},"_links":{"self":[{"href":"https:\/\/patxilarrainzar.educacion.navarra.es\/web\/es\/wp-json\/wp\/v2\/pages\/479"}],"collection":[{"href":"https:\/\/patxilarrainzar.educacion.navarra.es\/web\/es\/wp-json\/wp\/v2\/pages"}],"about":[{"href":"https:\/\/patxilarrainzar.educacion.navarra.es\/web\/es\/wp-json\/wp\/v2\/types\/page"}],"author":[{"embeddable":true,"href":"https:\/\/patxilarrainzar.educacion.navarra.es\/web\/es\/wp-json\/wp\/v2\/users\/1"}],"replies":[{"embeddable":true,"href":"https:\/\/patxilarrainzar.educacion.navarra.es\/web\/es\/wp-json\/wp\/v2\/comments?post=479"}],"version-history":[{"count":4,"href":"https:\/\/patxilarrainzar.educacion.navarra.es\/web\/es\/wp-json\/wp\/v2\/pages\/479\/revisions"}],"predecessor-version":[{"id":4733,"href":"https:\/\/patxilarrainzar.educacion.navarra.es\/web\/es\/wp-json\/wp\/v2\/pages\/479\/revisions\/4733"}],"wp:attachment":[{"href":"https:\/\/patxilarrainzar.educacion.navarra.es\/web\/es\/wp-json\/wp\/v2\/media?parent=479"}],"curies":[{"name":"wp","href":"https:\/\/api.w.org\/{rel}","templated":true}]}}