{"id":481,"date":"2018-08-30T14:01:51","date_gmt":"2018-08-30T12:01:51","guid":{"rendered":"http:\/\/patxilarrainzar.educacion.navarra.es\/web\/?page_id=481"},"modified":"2018-10-17T10:49:57","modified_gmt":"2018-10-17T08:49:57","slug":"hiri-baratza-2","status":"publish","type":"page","link":"https:\/\/patxilarrainzar.educacion.navarra.es\/web\/es\/hiri-baratza-2\/","title":{"rendered":"Huerto Urbano y Compostador"},"content":{"rendered":"<p>Es un proyecto cooperativo en el que participa toda la comunidad educativa.<br \/>\nNos acerca a la naturaleza y sus ciclos. Ayuda a la concienciaci\u00f3n ecol\u00f3gica<br \/>\ny saludable. Se trabaja por medio de la experimentaci\u00f3n y b\u00fasqueda de<br \/>\ninformaci\u00f3n de forma l\u00fadica.<\/p>\n<p><img loading=\"lazy\" class=\"SzDcob aligncenter\" src=\"https:\/\/lh3.googleusercontent.com\/coyuTWqcYflh6PI3AEL-ebPZZMxEaDLNUVcPDvahcdA_sw5D6Vq-r4RpE6N8ZxhXQVUj2bN1JDqwAagm74-Yx8I-NjfOHsT7rEuS2Wv3WVyMV6uV80Lwl4QQmNKT3VlNQ5Z-4eLelN0qtFFakDC8JqpMzVseXKbx38OIA0CTYiwcry6bm0hENVs3d5siEpTuofWr8pBYAo0JBXH2tnNwRYFusOuXL1DQy9JZ9dKkY4qAVS9u8lb6sRWuppRHfRiBxNpFd4ZjZIz_aidnitv5lmKXObUbMlbReZmStBJs_jzq5svWt6q3g5hGf6-dH_WlyDS83yTdn1qGPJ31F73PS76FDR5mxvYcGQ-EG4hzDnLWiuJyk8Ag0F52S2NJ2pypXb6XonkIeaH8Pp3ffR4ksO725rEouMmGt-5PFSKULEP28REgkvHCyyI21L2hul1FGo7rXaUbkx-e51D3byz9ayMjgE8zvNpcbarsUE6WVAWiSgGbxPNHbGLVl2xG9wQsZeJvLBrUaXM072-9c62Ff25ZmFPivcXzB133vLDfJxU8dSb-y_J-eNjt_tMq_2fZfKVuwoxdPZi2Kq-a32njUJG1UnNs3B7VTXH-f8LLml5LgYyO_q3yTGX3R7vhI_EoYxIR3JAMkdWvQ1jKUgNRZE8YX_TJtY2VgzjzcrPAQjXTN5hf5rexslteUw=w690-h920-no\" width=\"366\" height=\"488\" aria-label=\"Argazkia - Bertikala - 2018 mai. 25 08:37:40\" \/><\/p>\n<p><img loading=\"lazy\" class=\"aligncenter\" src=\"https:\/\/lh3.googleusercontent.com\/jPFQ-PUbOgPALt5IIGVSPhgkKrx9yCuSiMITPZK6Qy3q4qFrv5lJ5b1iputGETgUsr_RRDHo-GfhBWvjVwqWg_hZJ2Z3SmlkanBYtzVC4cODM-BDuHPHufYKmg8esi2rtOfpc5J1g63VHhdiNqYmh6-XixPNVzQeVmqg2tn5hDnq11h4-vHsT-Majeuap782CcDupPyPSFGakJVNfag70XIb6licAqrqs3ffSZOpqloQIZzXC5OWPO-d2AX5upDf5No1q4vYmbMyKMleXg4tLmUkgaC8U6sEj75RcuqVXiAYPIfj4h7EDK9L7NiYTqlBb-V25lFSGLb77RzK3ean-0zRxbs5RQHpvjY6xS_cXOzFsFQrviY4mAwsIRmbpeyN01fqndqkOMHGC1rdMTcZ6hm678L4o4I_62GM43Hrc0dkx3FNKNt30RgybBupPo_kKFnHDBp14Jkg1gvtIU2UePErclGugniCli0O6Wu66EBJZ6iu8829yS_DIvM2Cn-P5IJzMBOoFYGX8Iv_2DB0SXnk461GxT2H3K3jF6CPmZTlEQFVoSHok4itiugqaJ3RMYcmqflaclob-k1BrIrAauMZkpoK6EFfcKqYT-pD=w1024-h768-no\" width=\"537\" height=\"403\" \/><\/p>\n","protected":false},"excerpt":{"rendered":"<p>Es un proyecto cooperativo en el que participa toda la comunidad educativa. Nos acerca a la naturaleza y sus ciclos. Ayuda a la concienciaci\u00f3n ecol\u00f3gica y saludable. Se trabaja por medio de la experimentaci\u00f3n y b\u00fasqueda de informaci\u00f3n de forma l\u00fadica.<\/p>\n","protected":false},"author":1,"featured_media":0,"parent":0,"menu_order":0,"comment_status":"closed","ping_status":"closed","template":"","meta":{"_genesis_hide_title":false,"_genesis_hide_breadcrumbs":false,"_genesis_hide_singular_image":false,"_genesis_hide_footer_widgets":false,"_genesis_custom_body_class":"","_genesis_custom_post_class":"","_genesis_layout":""},"_links":{"self":[{"href":"https:\/\/patxilarrainzar.educacion.navarra.es\/web\/es\/wp-json\/wp\/v2\/pages\/481"}],"collection":[{"href":"https:\/\/patxilarrainzar.educacion.navarra.es\/web\/es\/wp-json\/wp\/v2\/pages"}],"about":[{"href":"https:\/\/patxilarrainzar.educacion.navarra.es\/web\/es\/wp-json\/wp\/v2\/types\/page"}],"author":[{"embeddable":true,"href":"https:\/\/patxilarrainzar.educacion.navarra.es\/web\/es\/wp-json\/wp\/v2\/users\/1"}],"replies":[{"embeddable":true,"href":"https:\/\/patxilarrainzar.educacion.navarra.es\/web\/es\/wp-json\/wp\/v2\/comments?post=481"}],"version-history":[{"count":5,"href":"https:\/\/patxilarrainzar.educacion.navarra.es\/web\/es\/wp-json\/wp\/v2\/pages\/481\/revisions"}],"predecessor-version":[{"id":731,"href":"https:\/\/patxilarrainzar.educacion.navarra.es\/web\/es\/wp-json\/wp\/v2\/pages\/481\/revisions\/731"}],"wp:attachment":[{"href":"https:\/\/patxilarrainzar.educacion.navarra.es\/web\/es\/wp-json\/wp\/v2\/media?parent=481"}],"curies":[{"name":"wp","href":"https:\/\/api.w.org\/{rel}","templated":true}]}}