{"id":487,"date":"2018-08-30T14:02:44","date_gmt":"2018-08-30T12:02:44","guid":{"rendered":"http:\/\/patxilarrainzar.educacion.navarra.es\/web\/?page_id=487"},"modified":"2018-10-05T11:50:16","modified_gmt":"2018-10-05T09:50:16","slug":"proyecto-aneto","status":"publish","type":"page","link":"https:\/\/patxilarrainzar.educacion.navarra.es\/web\/es\/proyecto-aneto\/","title":{"rendered":"Proyecto ANETO"},"content":{"rendered":"<p><a href=\"http:\/\/patxilarrainzar.educacion.navarra.es\/web\/wp-content\/uploads\/2018\/10\/aneto.png\"><img loading=\"lazy\" class=\"wp-image-712 alignleft\" src=\"http:\/\/patxilarrainzar.educacion.navarra.es\/web\/wp-content\/uploads\/2018\/10\/aneto.png\" alt=\"\" width=\"144\" height=\"190\" srcset=\"https:\/\/patxilarrainzar.educacion.navarra.es\/web\/wp-content\/uploads\/2018\/10\/aneto.png 411w, https:\/\/patxilarrainzar.educacion.navarra.es\/web\/wp-content\/uploads\/2018\/10\/aneto-228x300.png 228w\" sizes=\"(max-width: 144px) 100vw, 144px\" \/><\/a>El Proyecto ANETO (proyecto EFA 272\/16) es un programa educativo transfronterizo de prevenci\u00f3n de la obesidad infantil en escolares de 6- a\u00f1os, armonizado entre Navarra y el Departamento de Pirineos Atl\u00e1nticos.<\/p>\n<p>Nuestro centro participar\u00e1 con el alumnado de 1\u00ba de E.P.<\/p>\n","protected":false},"excerpt":{"rendered":"<p>El Proyecto ANETO (proyecto EFA 272\/16) es un programa educativo transfronterizo de prevenci\u00f3n de la obesidad infantil en escolares de 6- a\u00f1os, armonizado entre Navarra y el Departamento de Pirineos Atl\u00e1nticos. Nuestro centro participar\u00e1 con el alumnado de 1\u00ba de E.P.<\/p>\n","protected":false},"author":1,"featured_media":0,"parent":0,"menu_order":0,"comment_status":"closed","ping_status":"closed","template":"","meta":{"_genesis_hide_title":false,"_genesis_hide_breadcrumbs":false,"_genesis_hide_singular_image":false,"_genesis_hide_footer_widgets":false,"_genesis_custom_body_class":"","_genesis_custom_post_class":"","_genesis_layout":""},"_links":{"self":[{"href":"https:\/\/patxilarrainzar.educacion.navarra.es\/web\/es\/wp-json\/wp\/v2\/pages\/487"}],"collection":[{"href":"https:\/\/patxilarrainzar.educacion.navarra.es\/web\/es\/wp-json\/wp\/v2\/pages"}],"about":[{"href":"https:\/\/patxilarrainzar.educacion.navarra.es\/web\/es\/wp-json\/wp\/v2\/types\/page"}],"author":[{"embeddable":true,"href":"https:\/\/patxilarrainzar.educacion.navarra.es\/web\/es\/wp-json\/wp\/v2\/users\/1"}],"replies":[{"embeddable":true,"href":"https:\/\/patxilarrainzar.educacion.navarra.es\/web\/es\/wp-json\/wp\/v2\/comments?post=487"}],"version-history":[{"count":5,"href":"https:\/\/patxilarrainzar.educacion.navarra.es\/web\/es\/wp-json\/wp\/v2\/pages\/487\/revisions"}],"predecessor-version":[{"id":714,"href":"https:\/\/patxilarrainzar.educacion.navarra.es\/web\/es\/wp-json\/wp\/v2\/pages\/487\/revisions\/714"}],"wp:attachment":[{"href":"https:\/\/patxilarrainzar.educacion.navarra.es\/web\/es\/wp-json\/wp\/v2\/media?parent=487"}],"curies":[{"name":"wp","href":"https:\/\/api.w.org\/{rel}","templated":true}]}}