{"id":489,"date":"2018-08-30T14:02:58","date_gmt":"2018-08-30T12:02:58","guid":{"rendered":"http:\/\/patxilarrainzar.educacion.navarra.es\/web\/?page_id=489"},"modified":"2018-10-05T12:15:18","modified_gmt":"2018-10-05T10:15:18","slug":"experimentando-con-la-luz","status":"publish","type":"page","link":"https:\/\/patxilarrainzar.educacion.navarra.es\/web\/es\/experimentando-con-la-luz\/","title":{"rendered":"Experimentando con la luz"},"content":{"rendered":"<p>\u00abINNOVACI\u00d3N EDUCATIVA: Proceso planificado de cambio y renovaci\u00f3n que se fundamenta en la investigaci\u00f3n, que responde a la evoluci\u00f3n social, y que conduce a obtener una mejora en la calidad del sistema educativo.\u00bb (Josep Serentill)<\/p>\n<p>Este curso pondremos en marcha en Educaci\u00f3n Infantil el proyecto \u00abArgiarekin esperimentatzen\u00bb.<\/p>\n<p><a href=\"http:\/\/patxilarrainzar.educacion.navarra.es\/web\/wp-content\/uploads\/2018\/10\/IMG_6019.jpg\"><img loading=\"lazy\" class=\"aligncenter size-full wp-image-716\" src=\"http:\/\/patxilarrainzar.educacion.navarra.es\/web\/wp-content\/uploads\/2018\/10\/IMG_6019.jpg\" alt=\"\" width=\"640\" height=\"480\" srcset=\"https:\/\/patxilarrainzar.educacion.navarra.es\/web\/wp-content\/uploads\/2018\/10\/IMG_6019.jpg 640w, https:\/\/patxilarrainzar.educacion.navarra.es\/web\/wp-content\/uploads\/2018\/10\/IMG_6019-300x225.jpg 300w\" sizes=\"(max-width: 640px) 100vw, 640px\" \/><\/a><\/p>\n<p><a href=\"http:\/\/patxilarrainzar.educacion.navarra.es\/web\/wp-content\/uploads\/2018\/10\/IMG_5826.jpg\"><img loading=\"lazy\" class=\"aligncenter size-full wp-image-719\" src=\"http:\/\/patxilarrainzar.educacion.navarra.es\/web\/wp-content\/uploads\/2018\/10\/IMG_5826.jpg\" alt=\"\" width=\"640\" height=\"480\" srcset=\"https:\/\/patxilarrainzar.educacion.navarra.es\/web\/wp-content\/uploads\/2018\/10\/IMG_5826.jpg 640w, https:\/\/patxilarrainzar.educacion.navarra.es\/web\/wp-content\/uploads\/2018\/10\/IMG_5826-300x225.jpg 300w\" sizes=\"(max-width: 640px) 100vw, 640px\" \/><\/a><\/p>\n","protected":false},"excerpt":{"rendered":"<p>\u00abINNOVACI\u00d3N EDUCATIVA: Proceso planificado de cambio y renovaci\u00f3n que se fundamenta en la investigaci\u00f3n, que responde a la evoluci\u00f3n social, y que conduce a obtener una mejora en la calidad del sistema educativo.\u00bb (Josep Serentill) Este curso pondremos en marcha en Educaci\u00f3n Infantil el proyecto \u00abArgiarekin esperimentatzen\u00bb.<\/p>\n","protected":false},"author":1,"featured_media":0,"parent":0,"menu_order":0,"comment_status":"closed","ping_status":"closed","template":"","meta":{"_genesis_hide_title":false,"_genesis_hide_breadcrumbs":false,"_genesis_hide_singular_image":false,"_genesis_hide_footer_widgets":false,"_genesis_custom_body_class":"","_genesis_custom_post_class":"","_genesis_layout":""},"_links":{"self":[{"href":"https:\/\/patxilarrainzar.educacion.navarra.es\/web\/es\/wp-json\/wp\/v2\/pages\/489"}],"collection":[{"href":"https:\/\/patxilarrainzar.educacion.navarra.es\/web\/es\/wp-json\/wp\/v2\/pages"}],"about":[{"href":"https:\/\/patxilarrainzar.educacion.navarra.es\/web\/es\/wp-json\/wp\/v2\/types\/page"}],"author":[{"embeddable":true,"href":"https:\/\/patxilarrainzar.educacion.navarra.es\/web\/es\/wp-json\/wp\/v2\/users\/1"}],"replies":[{"embeddable":true,"href":"https:\/\/patxilarrainzar.educacion.navarra.es\/web\/es\/wp-json\/wp\/v2\/comments?post=489"}],"version-history":[{"count":4,"href":"https:\/\/patxilarrainzar.educacion.navarra.es\/web\/es\/wp-json\/wp\/v2\/pages\/489\/revisions"}],"predecessor-version":[{"id":724,"href":"https:\/\/patxilarrainzar.educacion.navarra.es\/web\/es\/wp-json\/wp\/v2\/pages\/489\/revisions\/724"}],"wp:attachment":[{"href":"https:\/\/patxilarrainzar.educacion.navarra.es\/web\/es\/wp-json\/wp\/v2\/media?parent=489"}],"curies":[{"name":"wp","href":"https:\/\/api.w.org\/{rel}","templated":true}]}}