{"id":5172,"date":"2024-10-14T08:42:18","date_gmt":"2024-10-14T06:42:18","guid":{"rendered":"https:\/\/patxilarrainzar.educacion.navarra.es\/web\/curso-2024-2025\/"},"modified":"2025-04-28T09:45:04","modified_gmt":"2025-04-28T07:45:04","slug":"curso-2024-2025","status":"publish","type":"page","link":"https:\/\/patxilarrainzar.educacion.navarra.es\/web\/es\/curso-2024-2025\/","title":{"rendered":"CURSO 2024\/2025"},"content":{"rendered":"\n<p>Un curso m\u00e1s hemos puesto en en marcha el proyecto Patioko Musika. Este proyecto consiste en elegir la m\u00fasica que se escuchar\u00e1 a las entradas y salidas a la escuela. Cada curso y grupo elegir\u00e1 una canci\u00f3n. Comenzar\u00e1 el alumnado de 6\u00ba que llevar\u00e1n sus propuestas al aula de m\u00fasica y all\u00ed escoger\u00e1n un tema.<\/p>\n\n<p>El tema de este curso est\u00e1 unido al proyecto \u00abeuskaraz bizi\u00bb que tambi\u00e9n desarrollaremos en la escuela y por lo tanto elegir\u00e1n los temas musicales teniendo en cuenta esta premisa.<\/p>\n\n<p>Cada mes, podr\u00e9is consultar en la p\u00e1gina web de la escuela (en el apartado de Proyectos) una breve informaci\u00f3n sobre los temas musicales escuchados.<\/p>\n\n<p>Adem\u00e1s, para remarcar d\u00edas o \u00e9pocas concretas durante el curso, el profesorado elegir\u00e1 temas especiales para escuchar en el patio y poder trabajar en las aulas.<br\/><\/p>\n\n<p>\u00a1Esperamos que un curso m\u00e1s disfrut\u00e9is con nuestras propuestas musicales!<\/p>\n\n<p>El grupo 6\u00baA de EP ha elegido la canci\u00f3n \u00abEuskaraz bizi nahi dut\u00bb del grupo Esne Beltza<\/p>\n\n<iframe loading=\"lazy\" title=\"Euskaraz bizi nahi dut ~ Esne Beltza\" width=\"500\" height=\"281\" src=\"https:\/\/www.youtube.com\/embed\/i1yBZh4Gbw0?feature=oembed\" frameborder=\"0\" allow=\"accelerometer; autoplay; clipboard-write; encrypted-media; gyroscope; picture-in-picture; web-share\" referrerpolicy=\"strict-origin-when-cross-origin\" allowfullscreen><\/iframe>\n\n<p><div>El grupo 6\u00baB de E.P ha elegido la canci\u00f3n del grupo Lin Ton Taun\u00a0 \u00abEuskaraz eta Kitto\u00bb.<\/div><\/p>\n\n<p><strong><a rel=\"noreferrer noopener\" href=\"https:\/\/www.youtube.com\/watch?v=Yp6D2K9KtCY\" target=\"_blank\">https:\/\/www.youtube.com\/watch?v=Yp6D2K9KtCY<\/a><\/strong><\/p>\n\n<p><div>El grupo 6\u00baC de E.P\u00a0 ha elegido la canci\u00f3n\u00a0\u00abElkar-EKIN TTEK!\u00bb del\u00a0Araban Euskaraz de 2023.<\/div><\/p>\n\n<p><strong><a rel=\"noreferrer noopener\" href=\"https:\/\/www.youtube.com\/watch?v=vWPdrO3MwP8\" target=\"_blank\">https:\/\/www.youtube.com\/watch?v=vWPdrO3MwP8<\/a><\/strong><\/p>\n\n<p><div>El grupo 5\u00ba B de E.P\u00a0 ha elegido la canci\u00f3n\u00a0\u00abPixka bat es mucho\u00bb<\/div><\/p>\n\n<p><strong><a rel=\"noreferrer noopener\" href=\"https:\/\/www.youtube.com\/watch?v=0vH3Ne8glRI\" target=\"_blank\">https:\/\/www.youtube.com\/watch?v=0vH3Ne8glRI<\/a><\/strong><\/p>\n\n<p><div>El grupo 5\u00ba A de E.P\u00a0 ha elegido la canci\u00f3n\u00a0\u00abAizkorak Zorroztu\u00bb de\u00a0Fermin Muguruza y Dut.<\/div><\/p>\n\n<p><strong><a rel=\"noreferrer noopener\" href=\"https:\/\/www.youtube.com\/watch?v=iykuO4dteDk\" target=\"_blank\">https:\/\/www.youtube.com\/watch?v=iykuO4dteDk<\/a><\/strong><\/p>\n\n<p>\u00abEz da Arrotza\u00bb (2015)\u00a0 Paranoya\u00a0<\/p>\n\n<p><a rel=\"noreferrer noopener\" href=\"https:\/\/www.youtube.com\/watch?v=eBGnJidlcFY\" target=\"_blank\">https:\/\/www.youtube.com\/watch?v=eBGnJidlcFY<\/a><br\/>\u00abJalgi Hadi Euskara\u00bb (2024) Skabidean\u00a0<\/p>\n\n<p><a rel=\"noreferrer noopener\" href=\"https:\/\/www.youtube.com\/watch?v=FaUkgqrnJEI\" target=\"_blank\">https:\/\/www.youtube.com\/watch?v=FaUkgqrnJEI<\/a><br\/>\u00abIrulegiko Esku\u00bb (2022) Bulego<\/p>\n\n<p><a rel=\"noreferrer noopener\" href=\"https:\/\/www.youtube.com\/watch?v=rI8ExpL-Vg0\" target=\"_blank\">https:\/\/www.youtube.com\/watch?v=rI8ExpL-Vg0<\/a><br\/>\u00abEsazu Hitz Bat\u00bb (2022) Euskaraldia<\/p>\n\n<p><a rel=\"noreferrer noopener\" href=\"https:\/\/www.youtube.com\/watch?v=PAAV-Do0QzY\" target=\"_blank\">https:\/\/www.youtube.com\/watch?v=PAAV-Do0QzY<\/a><br\/>\u00abHablame en Cristiano\u00bb (1998) Alaitz eta Maider<\/p>\n\n<p><a rel=\"noreferrer noopener\" href=\"https:\/\/www.youtube.com\/watch?v=2vm2WuX0BZA\" target=\"_blank\">https:\/\/www.youtube.com\/watch?v=2vm2WuX0BZA<\/a><br\/>\u00a0\u00abEuskara\u00bb (2023) kantu Kolore<\/p>\n\n<p><a rel=\"noreferrer noopener\" href=\"https:\/\/www.youtube.com\/watch?v=sFHn6qgvs_A\" target=\"_blank\">https:\/\/www.youtube.com\/watch?v=sFHn6qgvs_A<\/a><br\/>\u00abNI ere bai\u00bb (2005) Afrika Bibang<\/p>\n\n<p><a rel=\"noreferrer noopener\" href=\"https:\/\/www.youtube.com\/watch?v=eZKjBXGcmxU\" target=\"_blank\">https:\/\/www.youtube.com\/watch?v=eZKjBXGcmxU<\/a><br\/>\u00abNor-Nori_Nork\u00bb (1995) Gozategi<\/p>\n\n<p><a rel=\"noreferrer noopener\" href=\"https:\/\/www.youtube.com\/watch?v=n1yt5FWADmU\" target=\"_blank\">https:\/\/www.youtube.com\/watch?v=n1yt5FWADmU<\/a><br\/>\u00abEuskararen Eguna Egunero\u00bb (2022) Loa eta Laia<\/p>\n\n<p><a rel=\"noreferrer noopener\" href=\"https:\/\/www.youtube.com\/watch?v=BnpW6nIe_AQ\" target=\"_blank\">https:\/\/www.youtube.com\/watch?v=BnpW6nIe_AQ<\/a><br\/>\u00abArbasoen Su Txikia\u00bb (2025) Araban Euskaraz<\/p>\n\n<p><a rel=\"noreferrer noopener\" href=\"https:\/\/www.youtube.com\/watch?v=utV5GYbxdSk\" target=\"_blank\">https:\/\/www.youtube.com\/watch?v=utV5GYbxdSk<\/a><\/p>\n","protected":false},"excerpt":{"rendered":"<p>Un curso m\u00e1s hemos puesto en en marcha el proyecto Patioko Musika. Este proyecto consiste en elegir la m\u00fasica que se escuchar\u00e1 a las entradas y salidas a la escuela. Cada curso y grupo elegir\u00e1 una canci\u00f3n. Comenzar\u00e1 el alumnado de 6\u00ba que llevar\u00e1n sus propuestas al aula de m\u00fasica y all\u00ed escoger\u00e1n un tema. [&hellip;]<\/p>\n","protected":false},"author":1,"featured_media":0,"parent":0,"menu_order":0,"comment_status":"closed","ping_status":"closed","template":"","meta":{"_genesis_hide_title":false,"_genesis_hide_breadcrumbs":false,"_genesis_hide_singular_image":false,"_genesis_hide_footer_widgets":false,"_genesis_custom_body_class":"","_genesis_custom_post_class":"","_genesis_layout":""},"_links":{"self":[{"href":"https:\/\/patxilarrainzar.educacion.navarra.es\/web\/es\/wp-json\/wp\/v2\/pages\/5172"}],"collection":[{"href":"https:\/\/patxilarrainzar.educacion.navarra.es\/web\/es\/wp-json\/wp\/v2\/pages"}],"about":[{"href":"https:\/\/patxilarrainzar.educacion.navarra.es\/web\/es\/wp-json\/wp\/v2\/types\/page"}],"author":[{"embeddable":true,"href":"https:\/\/patxilarrainzar.educacion.navarra.es\/web\/es\/wp-json\/wp\/v2\/users\/1"}],"replies":[{"embeddable":true,"href":"https:\/\/patxilarrainzar.educacion.navarra.es\/web\/es\/wp-json\/wp\/v2\/comments?post=5172"}],"version-history":[{"count":3,"href":"https:\/\/patxilarrainzar.educacion.navarra.es\/web\/es\/wp-json\/wp\/v2\/pages\/5172\/revisions"}],"predecessor-version":[{"id":5417,"href":"https:\/\/patxilarrainzar.educacion.navarra.es\/web\/es\/wp-json\/wp\/v2\/pages\/5172\/revisions\/5417"}],"wp:attachment":[{"href":"https:\/\/patxilarrainzar.educacion.navarra.es\/web\/es\/wp-json\/wp\/v2\/media?parent=5172"}],"curies":[{"name":"wp","href":"https:\/\/api.w.org\/{rel}","templated":true}]}}