{"id":5520,"date":"2025-10-27T14:00:37","date_gmt":"2025-10-27T13:00:37","guid":{"rendered":"https:\/\/patxilarrainzar.educacion.navarra.es\/web\/curso-2025-2026\/"},"modified":"2026-02-23T09:08:25","modified_gmt":"2026-02-23T08:08:25","slug":"curso-2025-2026","status":"publish","type":"page","link":"https:\/\/patxilarrainzar.educacion.navarra.es\/web\/es\/curso-2025-2026\/","title":{"rendered":"CURSO 2025\/2026"},"content":{"rendered":"\n<p>Un curso m\u00e1s hemos puesto en en marcha el proyecto Patioko Musika. Este proyecto consiste en elegir la m\u00fasica que se escuchar\u00e1 a las entradas y salidas a la escuela. Cada curso y grupo elegir\u00e1 una canci\u00f3n. Comenzar\u00e1 el alumnado de 6\u00ba de E.P. que llevar\u00e1n sus propuestas al aula de m\u00fasica y all\u00ed escoger\u00e1n un tema.<\/p>\n\n<p><span style=\"font-family: arial, sans-serif;\">Cada mes, podr\u00e9is consultar en la p\u00e1gina web de la escuela una breve informaci\u00f3n sobre los temas musicales escuchados.<\/span><\/p>\n\n<p><span style=\"font-family: arial, sans-serif;\">Adem\u00e1s, para remarcar d\u00edas o \u00e9pocas concretas durante el curso, el profesorado elegir\u00e1 temas especiales para escuchar en el patio y poder trabajar en las aulas.&#13;\n<\/span><\/p>\n\n<p><span style=\"font-family: arial, sans-serif;\">\u00a1Esperamos que un curso m\u00e1s disfrut\u00e9is con nuestras propuestas musicales!<\/span><br\/><br\/><span style=\"font-family: arial, sans-serif;\">El alumnado de 6\u00ba de Educaci\u00f3n Primaria ha elegido los siguientes temas musicales:<\/span><\/p>\n\n<p><strong>&#8211; ESTI MARKEZ \u00abDESEGIN\u00bb<\/strong><\/p>\n\n<p><strong><a href=\"https:\/\/www.youtube.com\/watch?v=FLPuo_l6Ppg&amp;list=RDFLPuo_l6Ppg&amp;start_radio=1\" target=\"_blank\" rel=\"noreferrer noopener\">https:\/\/www.youtube.com\/watch?v=FLPuo_l6Ppg&amp;list=RDFLPuo_l6Ppg&amp;start_radio=1<\/a><\/strong><\/p>\n\n<p><strong>&#8211; ZETAK \u00abBEGI BELTZ\u00bb<\/strong><\/p>\n\n<p><strong><a href=\"https:\/\/www.youtube.com\/watch?v=S1nffrxOJ0Q&amp;list=RDS1nffrxOJ0Q&amp;start_radio=1\" target=\"_blank\" rel=\"noreferrer noopener\">https:\/\/www.youtube.com\/watch?v=S1nffrxOJ0Q&amp;list=RDS1nffrxOJ0Q&amp;start_radio=1<\/a><\/strong><\/p>\n\n<p><div>Estas son las canciones que han elegido los grupos de 5\u00ba de Educaci\u00f3n Primaria:<\/div><\/p>\n\n<p><strong><a href=\"https:\/\/www.youtube.com\/watch?v=44k9bA3OpCM&amp;list=RD44k9bA3OpCM&amp;start_radio=1\" target=\"_blank\" rel=\"noreferrer noopener\">https:\/\/www.youtube.com\/watch?v=44k9bA3OpCM&amp;list=RD44k9bA3OpCM&amp;start_radio=1<\/a><\/strong><\/p>\n\n<p><strong>&#8211; S\u00dcNE \u00abKANTAURI\u00bb<a href=\"https:\/\/www.youtube.com\/watch?v=mdoPYMN6CXA&amp;list=RDmdoPYMN6CXA&amp;start_radio=1\" target=\"_blank\" rel=\"noreferrer noopener\">https:\/\/www.youtube.com\/watch?v=mdoPYMN6CXA&amp;list=RDmdoPYMN6CXA&amp;start_radio=1<\/a><\/strong><\/p>\n\n<p><strong>&#8211; IZARO \u00abPARIS\u00bb<a href=\"https:\/\/www.youtube.com\/watch?v=__9TadDNrDQ&amp;list=RD__9TadDNrDQ&amp;start_radio=1\" target=\"_blank\" rel=\"noreferrer noopener\">https:\/\/www.youtube.com\/watch?v=__9TadDNrDQ&amp;list=RD__9TadDNrDQ&amp;start_radio=1<\/a><\/strong><\/p>\n\n<p><span style=\"font-family: arial, sans-serif;\">Tambi\u00e9n se han escuchado estas canciones elegidas por el profesorado:<\/span><\/p>\n\n<p><strong>&#8211; GOSUA \u00b4N SALSA \u00abBUELTTZEN\u00bb<\/strong><\/p>\n\n<p><strong><a href=\"https:\/\/www.youtube.com\/watch?v=Dnv41X9-CUU&amp;list=RDDnv41X9-CUU&amp;start_radio=1\" target=\"_blank\" rel=\"noreferrer noopener\">https:\/\/www.youtube.com\/watch?v=Dnv41X9-CUU&amp;list=RDDnv41X9-CUU&amp;start_radio=1<\/a><\/strong><\/p>\n\n<p><strong>&#8211; ENE KANTAK \u00abUDAZKENA\u00bb\u00a0<\/strong><\/p>\n\n<p><strong><a href=\"https:\/\/www.youtube.com\/watch?v=6qpf55D5qws&amp;list=RD6qpf55D5qws&amp;start_radio=1\" target=\"_blank\" rel=\"noreferrer noopener\">https:\/\/www.youtube.com\/watch?v=6qpf55D5qws&amp;list=RD6qpf55D5qws&amp;start_radio=1<\/a><\/strong><\/p>\n\n<p>Las canciones elegidas por el alumnado de 4\u00ba de Educaci\u00f3n Primaria:<\/p>\n\n<p>&#8211; NEOMAK taldearen \u00abHor Gaude\u00bb abestia.<\/p>\n\n<p><a href=\"https:\/\/www.youtube.com\/watch?v=l3IFQtehUrc&amp;list=RDl3IFQtehUrc&amp;start_radio=1\" target=\"_blank\" rel=\"noreferrer noopener\">https:\/\/www.youtube.com\/watch?v=l3IFQtehUrc&amp;list=RDl3IFQtehUrc&amp;start_radio=1<\/a>&#8211;<\/p>\n\n<p>BULEGO taldearen \u00abHegan\u00bb abestia<\/p>\n\n<p><a href=\"https:\/\/www.youtube.com\/watch?v=apHC6NRNNdU&amp;list=RDapHC6NRNNdU&amp;start_radio=1\" target=\"_blank\" rel=\"noreferrer noopener\">https:\/\/www.youtube.com\/watch?v=apHC6NRNNdU&amp;list=RDapHC6NRNNdU&amp;start_radio=1<\/a><\/p>\n\n<p>Las canciones elegidas por el alumnado de 3\u00ba de Educaci\u00f3n Primaria:<\/p>\n\n<p>&#8211; URTZ taldearen \u00abKaixo\u00bb<\/p>\n\n<p><a href=\"https:\/\/www.youtube.com\/watch?v=-4u4VdiPo7k&amp;list=RD-4u4VdiPo7k&amp;start_radio=1\" target=\"_blank\" rel=\"noreferrer noopener\">https:\/\/www.youtube.com\/watch?v=-4u4VdiPo7k&amp;list=RD-4u4VdiPo7k&amp;start_radio=1<\/a>&#8211;<\/p>\n\n<p>MIRUA taldearen \u00abMugaz Gaindi\u00bb<\/p>\n\n<p><a href=\"https:\/\/www.youtube.com\/watch?v=uZXDfOFVO3Q&amp;list=RDuZXDfOFVO3Q&amp;start_radio=1\" target=\"_blank\" rel=\"noreferrer noopener\">https:\/\/www.youtube.com\/watch?v=uZXDfOFVO3Q&amp;list=RDuZXDfOFVO3Q&amp;start_radio=1<\/a><\/p>\n\n<p>Canciones elegidas por el profesorado:<\/p>\n\n<p>&#8211; \u00abWAFA\u00bb<\/p>\n\n<p><a href=\"https:\/\/www.youtube.com\/watch?v=ejLuDdAjcGc&amp;list=RDejLuDdAjcGc&amp;start_radio=1\" target=\"_blank\" rel=\"noreferrer noopener\">https:\/\/www.youtube.com\/watch?v=ejLuDdAjcGc&amp;list=RDejLuDdAjcGc&amp;start_radio=1<\/a>&#8211;<\/p>\n\n<p>GATIBU taldearen \u00abAgur Kapitaina\u00bb<\/p>\n\n<p><a href=\"https:\/\/www.youtube.com\/watch?v=QH9IwIHKCvI&amp;list=RDQH9IwIHKCvI&amp;start_radio=1\" target=\"_blank\" rel=\"noreferrer noopener\">https:\/\/www.youtube.com\/watch?v=QH9IwIHKCvI&amp;list=RDQH9IwIHKCvI&amp;start_radio=1<\/a>&#8211;<\/p>\n\n<p>\u00abUrte Berri On\u00bb<a href=\"https:\/\/www.youtube.com\/watch?v=cK9Tbf2U37U&amp;list=RDcK9Tbf2U37U&amp;start_radio=1\" target=\"_blank\" rel=\"noreferrer noopener\">https:\/\/www.youtube.com\/watch?v=cK9Tbf2U37U&amp;list=RDcK9Tbf2U37U&amp;start_radio=1<\/a>&#8211; MANDOILEK taldearen \u00abUrrutitik kantu\u00bb<\/p>\n\n<p><a href=\"https:\/\/www.youtube.com\/watch?v=gceRS9D_1eE&amp;list=RDgceRS9D_1eE&amp;start_radio=1\" target=\"_blank\" rel=\"noreferrer noopener\">https:\/\/www.youtube.com\/watch?v=gceRS9D_1eE&amp;list=RDgceRS9D_1eE&amp;start_radio=1<\/a>&#8211;<\/p>\n\n<p>JURGI EKIZAREN \u00abOrain Da Momentua\u00bb<\/p>\n\n<p><a href=\"https:\/\/www.youtube.com\/watch?v=OlrFPHWbbFM&amp;list=RDOlrFPHWbbFM&amp;start_radio=1\" target=\"_blank\" rel=\"noreferrer noopener\">https:\/\/www.youtube.com\/watch?v=OlrFPHWbbFM&amp;list=RDOlrFPHWbbFM&amp;start_radio=1<\/a>&#8211;<\/p>\n\n<p>ERROMINTXELAK taldearen \u00bb Nork erran Eni\u00bb<\/p>\n\n<p><a href=\"https:\/\/www.youtube.com\/watch?v=j5LUh--AHY4&amp;list=RDj5LUh--AHY4&amp;start_radio=1\" target=\"_blank\" rel=\"noreferrer noopener\">https:\/\/www.youtube.com\/watch?v=j5LUh&#8211;AHY4&amp;list=RDj5LUh&#8211;AHY4&amp;start_radio=1<\/a><\/p>\n","protected":false},"excerpt":{"rendered":"<p>Un curso m\u00e1s hemos puesto en en marcha el proyecto Patioko Musika. Este proyecto consiste en elegir la m\u00fasica que se escuchar\u00e1 a las entradas y salidas a la escuela. Cada curso y grupo elegir\u00e1 una canci\u00f3n. Comenzar\u00e1 el alumnado de 6\u00ba de E.P. que llevar\u00e1n sus propuestas al aula de m\u00fasica y all\u00ed escoger\u00e1n [&hellip;]<\/p>\n","protected":false},"author":1,"featured_media":0,"parent":0,"menu_order":0,"comment_status":"closed","ping_status":"closed","template":"","meta":{"_genesis_hide_title":false,"_genesis_hide_breadcrumbs":false,"_genesis_hide_singular_image":false,"_genesis_hide_footer_widgets":false,"_genesis_custom_body_class":"","_genesis_custom_post_class":"","_genesis_layout":""},"_links":{"self":[{"href":"https:\/\/patxilarrainzar.educacion.navarra.es\/web\/es\/wp-json\/wp\/v2\/pages\/5520"}],"collection":[{"href":"https:\/\/patxilarrainzar.educacion.navarra.es\/web\/es\/wp-json\/wp\/v2\/pages"}],"about":[{"href":"https:\/\/patxilarrainzar.educacion.navarra.es\/web\/es\/wp-json\/wp\/v2\/types\/page"}],"author":[{"embeddable":true,"href":"https:\/\/patxilarrainzar.educacion.navarra.es\/web\/es\/wp-json\/wp\/v2\/users\/1"}],"replies":[{"embeddable":true,"href":"https:\/\/patxilarrainzar.educacion.navarra.es\/web\/es\/wp-json\/wp\/v2\/comments?post=5520"}],"version-history":[{"count":2,"href":"https:\/\/patxilarrainzar.educacion.navarra.es\/web\/es\/wp-json\/wp\/v2\/pages\/5520\/revisions"}],"predecessor-version":[{"id":5635,"href":"https:\/\/patxilarrainzar.educacion.navarra.es\/web\/es\/wp-json\/wp\/v2\/pages\/5520\/revisions\/5635"}],"wp:attachment":[{"href":"https:\/\/patxilarrainzar.educacion.navarra.es\/web\/es\/wp-json\/wp\/v2\/media?parent=5520"}],"curies":[{"name":"wp","href":"https:\/\/api.w.org\/{rel}","templated":true}]}}