{"id":640,"date":"2018-10-04T13:39:32","date_gmt":"2018-10-04T11:39:32","guid":{"rendered":"http:\/\/patxilarrainzar.educacion.navarra.es\/web\/es\/?page_id=640"},"modified":"2018-10-04T13:39:32","modified_gmt":"2018-10-04T11:39:32","slug":"programas-solidarios","status":"publish","type":"page","link":"https:\/\/patxilarrainzar.educacion.navarra.es\/web\/es\/programas-solidarios\/","title":{"rendered":"Programas solidarios"},"content":{"rendered":"<h1>Fundaci\u00f3n GLORR<\/h1>\n<p>El objetivo de esta fundaci\u00f3n es asistir a los menores y familias que se encuentran en situaci\u00f3n de precariedad econ\u00f3mica extrema o exclusi\u00f3n social.<br \/>\nEn Erreniega participamos durante el curso escolar en dos campa\u00f1as de recogida de ropa usada y calzado, tanto de ni\u00f1o como de adulto.<\/p>\n<p><a href=\"http:\/\/patxilarrainzar.educacion.navarra.es\/web\/wp-content\/uploads\/2018\/10\/Poster_ESP.jpg\"><img loading=\"lazy\" class=\"aligncenter size-full wp-image-636\" src=\"http:\/\/patxilarrainzar.educacion.navarra.es\/web\/wp-content\/uploads\/2018\/10\/Poster_ESP.jpg\" alt=\"\" width=\"620\" height=\"860\" srcset=\"https:\/\/patxilarrainzar.educacion.navarra.es\/web\/wp-content\/uploads\/2018\/10\/Poster_ESP.jpg 620w, https:\/\/patxilarrainzar.educacion.navarra.es\/web\/wp-content\/uploads\/2018\/10\/Poster_ESP-216x300.jpg 216w\" sizes=\"(max-width: 620px) 100vw, 620px\" \/><\/a><\/p>\n","protected":false},"excerpt":{"rendered":"<p>Fundaci\u00f3n GLORR El objetivo de esta fundaci\u00f3n es asistir a los menores y familias que se encuentran en situaci\u00f3n de precariedad econ\u00f3mica extrema o exclusi\u00f3n social. En Erreniega participamos durante el curso escolar en dos campa\u00f1as de recogida de ropa usada y calzado, tanto de ni\u00f1o como de adulto.<\/p>\n","protected":false},"author":1,"featured_media":0,"parent":0,"menu_order":0,"comment_status":"closed","ping_status":"closed","template":"","meta":{"_genesis_hide_title":false,"_genesis_hide_breadcrumbs":false,"_genesis_hide_singular_image":false,"_genesis_hide_footer_widgets":false,"_genesis_custom_body_class":"","_genesis_custom_post_class":"","_genesis_layout":""},"_links":{"self":[{"href":"https:\/\/patxilarrainzar.educacion.navarra.es\/web\/es\/wp-json\/wp\/v2\/pages\/640"}],"collection":[{"href":"https:\/\/patxilarrainzar.educacion.navarra.es\/web\/es\/wp-json\/wp\/v2\/pages"}],"about":[{"href":"https:\/\/patxilarrainzar.educacion.navarra.es\/web\/es\/wp-json\/wp\/v2\/types\/page"}],"author":[{"embeddable":true,"href":"https:\/\/patxilarrainzar.educacion.navarra.es\/web\/es\/wp-json\/wp\/v2\/users\/1"}],"replies":[{"embeddable":true,"href":"https:\/\/patxilarrainzar.educacion.navarra.es\/web\/es\/wp-json\/wp\/v2\/comments?post=640"}],"version-history":[{"count":1,"href":"https:\/\/patxilarrainzar.educacion.navarra.es\/web\/es\/wp-json\/wp\/v2\/pages\/640\/revisions"}],"predecessor-version":[{"id":641,"href":"https:\/\/patxilarrainzar.educacion.navarra.es\/web\/es\/wp-json\/wp\/v2\/pages\/640\/revisions\/641"}],"wp:attachment":[{"href":"https:\/\/patxilarrainzar.educacion.navarra.es\/web\/es\/wp-json\/wp\/v2\/media?parent=640"}],"curies":[{"name":"wp","href":"https:\/\/api.w.org\/{rel}","templated":true}]}}