{"id":93,"date":"2018-03-12T13:58:14","date_gmt":"2018-03-12T12:58:14","guid":{"rendered":"http:\/\/patxilarrainzar.educacion.navarra.es\/web\/?page_id=93"},"modified":"2025-01-29T12:57:10","modified_gmt":"2025-01-29T11:57:10","slug":"historia","status":"publish","type":"page","link":"https:\/\/patxilarrainzar.educacion.navarra.es\/web\/es\/historia\/","title":{"rendered":"Historia"},"content":{"rendered":"<p><span style=\"font-weight: 400;\">El colegio p\u00fablico Patxi Larrainzar est\u00e1 ubicado en el barrio de la Rochapea, al norte de Pamplona. Este barrio es uno de los m\u00e1s antiguos de la ciudad, pero en sus or\u00edgenes era muy diferente. La mayor\u00eda de las viviendas se concentraban en los m\u00e1rgenes de la avenida Marcelo Celayeta y el resto, salvo algunos conjuntos de viviendas, eran huertas, talleres y f\u00e1bricas.<\/span><a href=\"https:\/\/patxilarrainzar.educacion.navarra.es\/web\/wp-content\/uploads\/2018\/03\/rotxapeaZaharraTxiki.png\"><img loading=\"lazy\" class=\"size-full wp-image-90 aligncenter\" src=\"https:\/\/patxilarrainzar.educacion.navarra.es\/web\/wp-content\/uploads\/2018\/03\/rotxapeaZaharraTxiki.png\" alt=\"\" width=\"700\" height=\"543\" srcset=\"https:\/\/patxilarrainzar.educacion.navarra.es\/web\/wp-content\/uploads\/2018\/03\/rotxapeaZaharraTxiki.png 700w, https:\/\/patxilarrainzar.educacion.navarra.es\/web\/wp-content\/uploads\/2018\/03\/rotxapeaZaharraTxiki-300x233.png 300w\" sizes=\"(max-width: 700px) 100vw, 700px\" \/><\/a><\/p>\n<p><span style=\"font-weight: 400;\">En 1992 comenz\u00f3 a funcionar el Plan Parcial de la Rochapea, dentro del PGOU de Pamplona (Plan General de Ordenaci\u00f3n Urban\u00edstica), que supuso cambios significativos en el medio f\u00edsico hasta su urbanizaci\u00f3n actual. Se han creado nuevas calles y avenidas y se han construido cientos de viviendas.<\/span><\/p>\n<p><span style=\"font-weight: 400;\">Con el cambio urban\u00edstico, vino a vivir gente joven, la mayor\u00eda eran parejas sin hijos o con ni\u00f1os\/as muy peque\u00f1os\/as. Este fen\u00f3meno trajo equilibrio poblacional y social a la Rochapea. Seg\u00fan los datos que ha facilitado la Unidad de Sociolog\u00eda del Ayuntamiento de Pamplona, se trata del barrio m\u00e1s poblado de Pamplona, con cerca de 27.000 habitantes (en el a\u00f1o 2024).<\/span><\/p>\n<p><span style=\"font-weight: 400;\">La lengua principal de la Rochapea es el castellano, siendo el euskera el segundo. La situaci\u00f3n ling\u00fc\u00edstica del barrio coincide con la media de la comarca de Pamplona.<\/span><\/p>\n<p><strong>CARACTER\u00cdSTICAS DE LA ESCUELA<\/strong><\/p>\n<p><span style=\"font-weight: 400;\">La escuela Patxi Larrainzar es un centro de titularidad p\u00fablica de modelo D que comprende el segundo ciclo de EI y la etapa completa de EPO.<\/span><\/p>\n<p><span style=\"font-weight: 400;\">El modelo D se inici\u00f3 en el curso 1996-1997 en el interior del colegio Ave Mar\u00eda. En el curso 2001-2002 el Departamento de Educaci\u00f3n cre\u00f3 dos centros en el mismo recinto: el Ave Mar\u00eda I y el Ave Mar\u00eda II (hoy Patxi Larrainzar).<\/span><\/p>\n<p><span style=\"font-weight: 400;\">Caracter\u00edsticas del alumnado: la mayor\u00eda son de la Rochapea; pero tambi\u00e9n hay alumnado de otras zonas cercanas como San Jorge, Artica, Buztintxuri, etc. <\/span><\/p>\n","protected":false},"excerpt":{"rendered":"<p>El colegio p\u00fablico Patxi Larrainzar est\u00e1 ubicado en el barrio de la Rochapea, al norte de Pamplona. Este barrio es uno de los m\u00e1s antiguos de la ciudad, pero en sus or\u00edgenes era muy diferente. La mayor\u00eda de las viviendas se concentraban en los m\u00e1rgenes de la avenida Marcelo Celayeta y el resto, salvo algunos [&hellip;]<\/p>\n","protected":false},"author":1,"featured_media":0,"parent":0,"menu_order":0,"comment_status":"closed","ping_status":"closed","template":"","meta":{"_genesis_hide_title":false,"_genesis_hide_breadcrumbs":false,"_genesis_hide_singular_image":false,"_genesis_hide_footer_widgets":false,"_genesis_custom_body_class":"","_genesis_custom_post_class":"","_genesis_layout":""},"_links":{"self":[{"href":"https:\/\/patxilarrainzar.educacion.navarra.es\/web\/es\/wp-json\/wp\/v2\/pages\/93"}],"collection":[{"href":"https:\/\/patxilarrainzar.educacion.navarra.es\/web\/es\/wp-json\/wp\/v2\/pages"}],"about":[{"href":"https:\/\/patxilarrainzar.educacion.navarra.es\/web\/es\/wp-json\/wp\/v2\/types\/page"}],"author":[{"embeddable":true,"href":"https:\/\/patxilarrainzar.educacion.navarra.es\/web\/es\/wp-json\/wp\/v2\/users\/1"}],"replies":[{"embeddable":true,"href":"https:\/\/patxilarrainzar.educacion.navarra.es\/web\/es\/wp-json\/wp\/v2\/comments?post=93"}],"version-history":[{"count":2,"href":"https:\/\/patxilarrainzar.educacion.navarra.es\/web\/es\/wp-json\/wp\/v2\/pages\/93\/revisions"}],"predecessor-version":[{"id":5316,"href":"https:\/\/patxilarrainzar.educacion.navarra.es\/web\/es\/wp-json\/wp\/v2\/pages\/93\/revisions\/5316"}],"wp:attachment":[{"href":"https:\/\/patxilarrainzar.educacion.navarra.es\/web\/es\/wp-json\/wp\/v2\/media?parent=93"}],"curies":[{"name":"wp","href":"https:\/\/api.w.org\/{rel}","templated":true}]}}