{"id":98,"date":"2018-03-12T14:02:12","date_gmt":"2018-03-12T13:02:12","guid":{"rendered":"http:\/\/patxilarrainzar.educacion.navarra.es\/web\/?page_id=98"},"modified":"2018-03-12T14:02:12","modified_gmt":"2018-03-12T13:02:12","slug":"caracteristicas-identificativas-del-centro","status":"publish","type":"page","link":"https:\/\/patxilarrainzar.educacion.navarra.es\/web\/es\/caracteristicas-identificativas-del-centro\/","title":{"rendered":"Caracter\u00edsticas Identificativas del Centro"},"content":{"rendered":"<p class=\"testua\">El centro Patxi Larrainzar es un centro del modelo D de titularidad p\u00fablica, donde se imparten clases de infantil y primaria.<\/p>\n<p class=\"testua\">El modelo D comienza el curso 1996-97 en el centro Ave Mar\u00eda.<\/p>\n<p class=\"testua\">En el curso 2001-02 el Departamento de Educaci\u00f3n crea dos centros dentro del mismo edificio: Ave Mar\u00eda I y Ave Mar\u00eda II (lo que hoy es Patxi Larrainzar).<\/p>\n<p class=\"testua\">Ese mismo a\u00f1o se aprob\u00f3 por unanimidad cambiar el nombre del nuevo colegio: <b>Patxi Larrainzar<\/b>. Sin embargo, el ayuntamiento de Pamplona no dio el visto bueno al nuevo nombre hasta el curso 2002-03.<\/p>\n<p class=\"testua\"><b>Caracter\u00edsticas del alumnado<\/b>: se puede decir que la mayor\u00eda de los alumnos\/as proceden de la Rochapea, si incluimos Santa Engracia. En cuanto al n\u00famero total de ni\u00f1os y ni\u00f1as no hay grandes diferencias: El porcentaje de euskaldunes al comienzo de la escolarizaci\u00f3n se equipara al porcentaje del barrio.<\/p>\n","protected":false},"excerpt":{"rendered":"<p>El centro Patxi Larrainzar es un centro del modelo D de titularidad p\u00fablica, donde se imparten clases de infantil y primaria. El modelo D comienza el curso 1996-97 en el centro Ave Mar\u00eda. En el curso 2001-02 el Departamento de Educaci\u00f3n crea dos centros dentro del mismo edificio: Ave Mar\u00eda I y Ave Mar\u00eda II [&hellip;]<\/p>\n","protected":false},"author":1,"featured_media":0,"parent":0,"menu_order":0,"comment_status":"closed","ping_status":"closed","template":"","meta":{"_genesis_hide_title":false,"_genesis_hide_breadcrumbs":false,"_genesis_hide_singular_image":false,"_genesis_hide_footer_widgets":false,"_genesis_custom_body_class":"","_genesis_custom_post_class":"","_genesis_layout":""},"_links":{"self":[{"href":"https:\/\/patxilarrainzar.educacion.navarra.es\/web\/es\/wp-json\/wp\/v2\/pages\/98"}],"collection":[{"href":"https:\/\/patxilarrainzar.educacion.navarra.es\/web\/es\/wp-json\/wp\/v2\/pages"}],"about":[{"href":"https:\/\/patxilarrainzar.educacion.navarra.es\/web\/es\/wp-json\/wp\/v2\/types\/page"}],"author":[{"embeddable":true,"href":"https:\/\/patxilarrainzar.educacion.navarra.es\/web\/es\/wp-json\/wp\/v2\/users\/1"}],"replies":[{"embeddable":true,"href":"https:\/\/patxilarrainzar.educacion.navarra.es\/web\/es\/wp-json\/wp\/v2\/comments?post=98"}],"version-history":[{"count":1,"href":"https:\/\/patxilarrainzar.educacion.navarra.es\/web\/es\/wp-json\/wp\/v2\/pages\/98\/revisions"}],"predecessor-version":[{"id":99,"href":"https:\/\/patxilarrainzar.educacion.navarra.es\/web\/es\/wp-json\/wp\/v2\/pages\/98\/revisions\/99"}],"wp:attachment":[{"href":"https:\/\/patxilarrainzar.educacion.navarra.es\/web\/es\/wp-json\/wp\/v2\/media?parent=98"}],"curies":[{"name":"wp","href":"https:\/\/api.w.org\/{rel}","templated":true}]}}