{"id":102,"date":"2018-03-12T14:04:08","date_gmt":"2018-03-12T13:04:08","guid":{"rendered":"http:\/\/patxilarrainzar.educacion.navarra.es\/web\/?page_id=102"},"modified":"2021-09-16T09:32:43","modified_gmt":"2021-09-16T07:32:43","slug":"pertsonaia","status":"publish","type":"page","link":"https:\/\/patxilarrainzar.educacion.navarra.es\/web\/pertsonaia\/","title":{"rendered":"Pertsonaia"},"content":{"rendered":"<section>\n<article>\n<h1><\/h1>\n<h1 style=\"text-align: center;\">PATXI LARRAINZAR ANDUEZA (1934-1991)<\/h1>\n<h1><img loading=\"lazy\" class=\"aligncenter\" src=\"https:\/\/img.txalaparta.eus\/Autores\/50569.png\" alt=\"Libros de Patxi Larrainzar Andueza. Biograf\u00eda y bibliograf\u00eda -  txalaparta.eus\" width=\"146\" height=\"218\" \/><\/h1>\n<p class=\"testua\">Patxi Larrainzar Nafarroako Riezu izeneko herrian munduratu zen. Jaiotza berezia izan zen, alde batetik bikia baitzen, eta bestetik erditzean ama hil zelako. Familia ugariko semea izanda, zortzi anaia-arreba, bi urtez Lorca herriko senide batzuekin hazi zen.Berriz ere Riezura itzuli zen.<\/p>\n<p class=\"testua\">Geroago, zortzi urte zituela bere osaba zen Marcelo Larrainzar etxera, Arrotxapeara, bizitzera etorri zen. On Marcelo \u201cEl Salvador\u201d elizaren parrokoa zen, baita \u201cAve Maria\u201d ikastetxeko sortzailea ere.<\/p>\n<p class=\"testua\">Gauzak horrela, hamar urterekin Iru\u00f1eko apeztegian ikasketak egin zituen. Iru\u00f1eko ikasketak Comillas-eko Unibertsitate Katolikoan jarraitu zituen non eta musika eta idazteko zaletasuna sortu zitzaizkion.<\/p>\n<p class=\"testua\">Ordenatu eta gero, Nafarroako hainbat herrietatik igaro zen, Uriz, Ilunberri\u2026 Ondoren, Txile aldera abiatu zen eta han bost urtez Unibertsitate Katolikoan irakatsi zuen. Hango gizartearen ezberdintasunak ikusita, baztertu eta txiroen aldeko giza kontzientzi hartzea piztu zitzaion aldez aurretik sortua ez bazegoen ere. Hau guztien adibidea \u201cEs peligroso creer en Dios\u201d izeneko liburua.<\/p>\n<p class=\"testua\">Urte batzuk pasa ondoren, berriro Nafarroara itzuli zen. Lehendabizi, Lergan eta gero Arrotxapean ihardun zuen. Azkenik, aspaldidanik izandako osasunaren ahulezia areagotu zitzaion eta 1991eko martxoaren 12an Iru\u00f1ean hil egin zen.<\/p>\n<p class=\"testua\">Patxi idazle trebea eta zorrotza izan zen: \u201cAdi\u00f3s monse\u00f1or\u201d, \u201cPega pero escucha\u201d, \u201cEl desertor\u201d&#8230;<\/p>\n<p class=\"testua\">Gainera, \u201cEl Lebrel Blanco\u201d antzerki taldearentzako lanak egin zituen: Carlismo y m\u00fasica celestial, Navarra s\u00f3la o con leche, Utrinque Roditu, Pampilonia circus.<\/p>\n<p class=\"testua\">Hala ere, bere giza kalitatea eta ongile handia izateak arrotxapear askoren bihotz barnean sartzea eta geratzea ekarri zuen.<\/p>\n<p class=\"testua\">Horregatik pasa den 2003 urtean, Arrotxapean sortutako eskola berriari bere izena eman zitzaion. Urte hartan Patxiren omenez hainbat hitzaldi eta ekintza antolatu ziren. Horietan ondoko ezaugarri hauek goraipatu ziren: giza kalitatea, maila espirituala, fideltasuna, intuizioa, jenio gogorra eta bere buruarekin zorrotza, langilea, behartsu eta gaixoenganako arreta eta ezarritako aginteekin gogorra.<\/p>\n<p class=\"testua\">Informazio gehiago: <a href=\"http:\/\/patxilarrainzar2.wordpress.com\/\">www. patxilarrainzar.com<\/a><\/p>\n<\/article>\n<article>\n<h1>A LA ROTXAPEA (Patxi Larrainzar)<\/h1>\n<p class=\"testua\">Si la memoria es facultad de olvidar<br \/>\nsegun poeta,<br \/>\nyo te recuerdo, Barrio de la Rotxapea,<br \/>\ncon tu vida lenta y tu crecimiento de hortalizas,<br \/>\nrepaso con las yemas del olvido, tu pecho llano<br \/>\ny tu frente dura en San Crist\u00f3bal, besada por las palomas de oto\u00f1o,<br \/>\ncuando eras la despensa de la vieja Iru\u00f1a,<br \/>\ncereal que vino Pompeyo a arrebatarnos para<br \/>\ndarnos su nombre de Pamplona,<br \/>\nvi\u00f1a del agrio chacol\u00ed en las tabernas<br \/>\nde la Navarrer\u00eda.<br \/>\nYo te escucho extramuros el m\u00e1s antiguo<br \/>\nde occidente,<br \/>\ny te oigo hablar en lengua euskalduna<br \/>\na los curtidores de junto al agua,<br \/>\noigo los rezos peregrinos hacia Compostela<br \/>\npor la Barranca, la soberbia del duque de<br \/>\nAlba conminado desee aqu\u00ed a rendirse un reino,<br \/>\no el mugido de los toros de Carriquiri<br \/>\nde otras playas.<br \/>\nTe palpo las arterias del agua y del ferrocarril<br \/>\nque te alancean,<br \/>\ny la flecha hacia las Bascongadas<br \/>\ntensada por el arco descaderado del Arga.<br \/>\nBarrio de obreros y de huertanos insistentes<br \/>\nsulfatados por el sol que sale sobre murallas,<br \/>\nte han cegado las fuentes y<br \/>\napenas hoy te reconozco,<br \/>\nsin rostro amado,<br \/>\nlas cardelinas ya te olvidaron,<br \/>\ny sin embargo amado para siempre.<\/p>\n<\/article>\n<article>\n<h1>TESTAMENTO (Patxi Larrainzar)<\/h1>\n<p class=\"testua\">Como la guerra mundial est\u00e1 al caer y aqu\u00ed no va quedar vivo ni el Balentxi, mi familia y los sobrinos que se creen inmortales,, me est\u00e1n insistiendo para que haga el testamento, por lo que pueda pasar. Deseandico que me muera vaya, aunque sus apremios se disfracen de prevenir futuras discordias, si muero sin testar. Claro, ellos ya saben que su t\u00edo es pobre, pero ah\u00ed est\u00e1 precisamente el morbo: que de los t\u00edos pobretones se puede esperar cualquier sorpresa, incluso un fortuno en una rendija del sabayao y metido en el calcet\u00edn; pues, \u00bfComo se puede llegar a mi edad y encima soltero, sin haber amasado unos cuantos millones, con la de oportunidades que ha habido en este pa\u00eds en las \u00faltimas d\u00e9cadas, y con lo listo que yo me creo? \u201cTu haz el testamento y nos dejas a todos tranquilos , \u00bfvale?\u201d.<\/p>\n<p class=\"testua\">Pues vale. As\u00ed que esta tarde de septiembre, el mes de clima m\u00e1s perfecto porque el cuerpo no se siente y el aire se bebe como una copa de champ\u00e1n, me voy a la orilla del Arga y hago dejaci\u00f3n generosa de todas mis pertenencias, espirituales y materiales. Aqu\u00ed constan.<\/p>\n<ul class=\"testua\">\n<li>Cuando yo muera, decid a mis amigos que no me duele el irme de ellos, pues espero volver a encontrarlos, y ya sin el desgaste que produce la mirada deslizante de todos los d\u00edas. Y aunque as\u00ed no fuera, que tampoco me cuesta mucho dejarlos, pues lo que bien se quiere bien se abandona, y yo jam\u00e1s los pose\u00ed para mi sino para ellos mismos.<br \/>\nPor eso, su amistad y aunque no hubiere eternidad, durar\u00e1 eternamente.<\/li>\n<li>Cuando yo muera, pod\u00e9is decir a mis enemigos que los odi\u00e9 con el desinter\u00e9s de quien piensa en su bien, y como creo que est\u00e1n equivocados, siento que est\u00e9n perdiendo la vida y haci\u00e9ndola perder a otros. Y por eso los denuesto. Y los detesto. Y les deseo el infierno: el mismo que ellos han fabricado, para los dem\u00e1s.<\/li>\n<li>Cuando yo muera, decid por favor a las mujeres, que las am\u00e9 como se ama al para\u00edso perdido: siempre a su puerta suspirando por entrar, y deseando a la vez que jam\u00e1s se abra, para poder seguir so\u00f1ando. Porque ellas, digan lo que digan ellas mismas, son el para\u00edso.<\/li>\n<li>Cuando yo muera, pod\u00e9is decir a mi jefe el obispo, que lo espero desnudo detr\u00e1s e las bambalinas del teatro, para recitar juntos y desnudos aquello del Eclesiast\u00e9s. \u201cmataoites mataiotecos kai panta mataiotes\u201d, que todo es vanidad de vanidades. Y que despu\u00e9s podremos ir juntos y desnudos a ver pasar \u00e1ngeles, tambi\u00e9n desnudos.<\/li>\n<li>Cuando yo muera, decid a los demonios que salgan de mis s\u00f3tanos, que se introduzcan en los de otra alma menos asc\u00e9tica, a ver si consigue un poco m\u00e1s de formalidad y un poco menos de mala leche que es mi caso.<\/li>\n<li>Cuando yo muera, decid a los ni\u00f1os que se planten y no crezcan m\u00e1s, por favor, que renuncien como Peter Pan al caramelo del \u201ccuando seas mayor\u201d. Porque nunca se llega a mayor sino a repelente ni\u00f1o arrugado.<\/li>\n<li>Cuando yo muera, decid a los comunistas vergonzantes,que se han equivocado de muro: que el que hay que derribar est\u00e1 en su propio coraz\u00f3n, all\u00ed donde la frondosidad del \u00e1rbol capitalista no deja ver el bosque de la utop\u00eda incombustible. Que busquen en otra direcci\u00f3n.<\/li>\n<li>Cuando yo muera, pod\u00e9is decir a los que han hecho la apuesta del insobornable Pascal, que no se han equivocado en absoluto: pues si luego de esta vida hay otra, acertaron siendo honrados. Y si no la hay, total, s\u00f3lo se han perdido cuatro frusler\u00edas p\u00edricas, que a la hora de la verdad valen mucho menos que un esp\u00edritu en paz consigo mismo.<\/li>\n<li>Cuando yo muera, decid al mundo occidental y cristiano, que se detenga de una vez: no por mi muerte, sino porque han tomado un camino encanallado, y est\u00e1 matando a millones de inocentes con su materialismo rampante y sus ideales horteras.<\/li>\n<li>Cuando yo muera, decid a los libros de mi biblioteca, que ellos han sido mi m\u00e1s secreta lujuria; cuando abiertos, como un amante abierto; y cuando cerrados, como un arca de misterios llena.<\/li>\n<li>Cuando yo muera, decid a la m\u00fasica barroca, que las m\u00e1s dulces l\u00e1grimas derramadas en mi vida han sido para su infinita belleza derramada. Y que si no la admiten en el cielo, robar\u00e9 la barca de Caronte y me ir\u00e9 en su busca hasta el coro de Santo Tom\u00e1s en Leipzig: porque all\u00ed estar\u00e1 Juan Sebasti\u00e1n Bach, y all\u00ed estar\u00e1 el cielo.<\/li>\n<li>Cuando yo muera, decid a todo el barrio que all\u00e1 lo espero, a la orilla de aquel otro rio de aguas de miel como la piel de un ni\u00f1o. Pescaremos un pez rubio cada d\u00eda, y nos divertiremos eternamente contando escamitas de oro. Como los habitantes de Macondo.<\/li>\n<li>Cuando yo muera, sobrinos, perdonarme pero tendr\u00e9is que decirle a la Caja de Ahorros, que las 3.ooo pesetas que tengo en la cartilla son suyas: porque tanto enviarme arqueos y res\u00famenes y situaciones de cuenta tan esmirriada, bien se han merecido el ser mis herederos.<\/li>\n<li>Cuando yo muera, os evitar\u00e9 el ir al cementerio pues ya sab\u00e9is que he dejado mi cuerpo a la facultad de medicina. As\u00ed que, echadme a la piscina de formol para que se cumpla mi m\u00e1s profundo anhelo: que los del Opus me toquen los cojones, y ya de paso se contagien con la gonorrea de la heterodoxia y el sida de la insurrecci\u00f3n.<\/li>\n<li>Cuando yo muera, en fin, y esta es mi \u00faltima voluntad, no le dig\u00e1is nada a nadie: sencillamente, vivir. Ser\u00e1 el mejor homenaje que nos hag\u00e1is a los muertos, vivir con pasi\u00f3n la vida fastuosa y apasionante de este pueblo nuestro.<\/li>\n<\/ul>\n<p class=\"testua\" style=\"text-align: right;\">1990-IX-9<\/p>\n<p class=\"testua\" style=\"text-align: right;\">Patxi Larrainzar Andueza (Riezu 1934, Iru\u00f1ea 1991)<\/p>\n<\/article>\n<article>\n<h1>NAFARROAKO LIBURUTEGI PUBLIKOETAN DAUDEN PATXI LARRAINZARREN OBRAK<\/h1>\n<p class=\"testua\">Patxi Larrainzar Andueza (1934-1991), izenburuak argitalpenaren dataren arabera daude sailkatuta.<\/p>\n<ul class=\"testua\">\n<li>Es peligroso creer en Dios (1969), Orokorra (kontsulta)<\/li>\n<li>Carlismo y m\u00fasica celestial (obra teatral, 2 actos y estrambote, 1979), Orokorra (kontsulta)<\/li>\n<li>Navarra sola o con leche : (Debate teatral en un acto, 1979), Orokorra (kontsulta)<\/li>\n<li>Apuntes hist\u00f3ricos sobre la Rochapea (1981), Orokorra (kontsulta)<\/li>\n<li>Cr\u00f3nicas secretas del nuevo reino de Navarra (1986), San Pedro<\/li>\n<li>Pampilonia circus (fiesta teatral, 1989), Orokorra (kontsulta)<\/li>\n<li>Pega, pero escucha (1990), San Jorge<\/li>\n<li>Pamplona se hunde y otros chandr\u00edos (1990), San Pedro, Antsoain<\/li>\n<li>Adi\u00f3s Monse\u00f1or (1992), San Pedro, Antsoain<\/li>\n<li>El desertor (1993), Antsoain, Txantrea, San Jorge<\/li>\n<li>Diario suburbano de Pamplona (1993), Orokorra<\/li>\n<li>Pecados veniales de un cura asilvestrado (1995), San Pedro, Antsoain, Txantrea<\/li>\n<li>La provocaci\u00f3n (1997), San Pedro, Antsoain<\/li>\n<\/ul>\n<p><a href=\"http:\/\/www.navarra.es\/Appsext\/opac\/\">Nafarroako Liburutegi Publikoko katalogoko web gunea<\/a><\/p>\n<\/article>\n<\/section>\n","protected":false},"excerpt":{"rendered":"<p>PATXI LARRAINZAR ANDUEZA (1934-1991) Patxi Larrainzar Nafarroako Riezu izeneko herrian munduratu zen. Jaiotza berezia izan zen, alde batetik bikia baitzen, eta bestetik erditzean ama hil zelako. Familia ugariko semea izanda, zortzi anaia-arreba, bi urtez Lorca herriko senide batzuekin hazi zen.Berriz ere Riezura itzuli zen. Geroago, zortzi urte zituela bere osaba zen Marcelo Larrainzar etxera, Arrotxapeara, [&hellip;]<\/p>\n","protected":false},"author":1,"featured_media":0,"parent":0,"menu_order":0,"comment_status":"closed","ping_status":"closed","template":"","meta":{"_genesis_hide_title":false,"_genesis_hide_breadcrumbs":false,"_genesis_hide_singular_image":false,"_genesis_hide_footer_widgets":false,"_genesis_custom_body_class":"","_genesis_custom_post_class":"","_genesis_layout":""},"_links":{"self":[{"href":"https:\/\/patxilarrainzar.educacion.navarra.es\/web\/wp-json\/wp\/v2\/pages\/102"}],"collection":[{"href":"https:\/\/patxilarrainzar.educacion.navarra.es\/web\/wp-json\/wp\/v2\/pages"}],"about":[{"href":"https:\/\/patxilarrainzar.educacion.navarra.es\/web\/wp-json\/wp\/v2\/types\/page"}],"author":[{"embeddable":true,"href":"https:\/\/patxilarrainzar.educacion.navarra.es\/web\/wp-json\/wp\/v2\/users\/1"}],"replies":[{"embeddable":true,"href":"https:\/\/patxilarrainzar.educacion.navarra.es\/web\/wp-json\/wp\/v2\/comments?post=102"}],"version-history":[{"count":2,"href":"https:\/\/patxilarrainzar.educacion.navarra.es\/web\/wp-json\/wp\/v2\/pages\/102\/revisions"}],"predecessor-version":[{"id":2622,"href":"https:\/\/patxilarrainzar.educacion.navarra.es\/web\/wp-json\/wp\/v2\/pages\/102\/revisions\/2622"}],"wp:attachment":[{"href":"https:\/\/patxilarrainzar.educacion.navarra.es\/web\/wp-json\/wp\/v2\/media?parent=102"}],"curies":[{"name":"wp","href":"https:\/\/api.w.org\/{rel}","templated":true}]}}